



{"id":624,"date":"2023-02-16T10:19:52","date_gmt":"2023-02-16T09:19:52","guid":{"rendered":"https:\/\/www.4h.se\/akalla\/?page_id=624"},"modified":"2024-04-04T10:52:38","modified_gmt":"2024-04-04T08:52:38","slug":"godsel","status":"publish","type":"page","link":"https:\/\/www.4h.se\/akalla\/godsel\/","title":{"rendered":"G\u00f6dsel"},"content":{"rendered":"<div class=\"wpb-content-wrapper\"><p>[vc_row][vc_column width=&#8221;1\/2&#8243;][vc_column_text]<\/p>\n<h2>K\u00f6pa g\u00f6dsel<\/h2>\n<p>[\/vc_column_text][vc_column_text]Vi s\u00e4ljer s\u00e4ckar med en blandning av f\u00e4rskt h\u00e4stg\u00f6dsel och torv.<\/p>\n<p>S\u00e4ckarna inneh\u00e5ller ca 30 liter.<\/p>\n<p>En s\u00e4ck kostar 40 kr.<\/p>\n<p>Fyll i formul\u00e4ret f\u00f6r att boka s\u00e4ckar.<\/p>\n<p>&nbsp;<\/p>\n<p><strong>Utk\u00f6rning med h\u00e4st p\u00e5 J\u00e4rvaf\u00e4ltet:<\/strong><\/p>\n<p>Vi kan k\u00f6ra ut g\u00f6dsel med h\u00e4st och vagn i n\u00e4romr\u00e5det. Kontakta oss f\u00f6r mer information och pris<\/p>\n<p>&nbsp;<\/p>\n<p><strong>Varf\u00f6r h\u00e4stg\u00f6dsel \u00e4r bra:<\/strong><\/p>\n<p>H\u00e4stg\u00f6dsel \u00e4r i komposterad form ganska milt och inneh\u00e5ller mindre kv\u00e4ve \u00e4n ko- och h\u00f6nsg\u00f6dsel, s\u00e4rskilt skonsam \u00e4r den n\u00e4r den blandats med kolrikt str\u00f6 fr\u00e5n stallgolvet. Vill du kompostera h\u00e4stg\u00f6dsel tar det cirka 18 m\u00e5nader, d\u00e4refter kan n\u00e4ringskr\u00e4vande v\u00e4xter odlas direkt i materialet.<\/p>\n<p>F\u00e4rsk h\u00e4stg\u00f6dsel \u00e4r starkare, men fortfarande inte lika kv\u00e4verikt som h\u00f6nsg\u00f6dsel eller kog\u00f6dsel. Det kan med f\u00f6rdel anv\u00e4ndas i varmb\u00e4nkar, d\u00e4r du kan odla tidigare p\u00e5 s\u00e4songen tack vare v\u00e4rmen som uppst\u00e5r vid nedbrytningen. Men kom ih\u00e5g att nedbrytning av f\u00e4rsk g\u00f6dsel ocks\u00e5 kr\u00e4ver kv\u00e4ve och den tas fr\u00e5n omkringliggande jord. Anv\u00e4nder du f\u00e4rsk g\u00f6dsel beh\u00f6ver du d\u00e4rf\u00f6r ofta komplettera med kv\u00e4ve fr\u00e5n annat h\u00e5ll.<\/p>\n<p>H\u00e4star idisslar inte och det inneb\u00e4r att det finns st\u00f6rre bitar i det relativt torra g\u00f6dslet vilket \u00e4r bra f\u00f6r jordstrukturen, s\u00e4rskilt om det \u00e4r uppblandat med torv eller halm.<br \/>\n(fr\u00e5n plantagen.se)<\/p>\n<p>&nbsp;<\/p>\n<p>V\u00e5ra h\u00e4star f\u00e5r svenskt foder men vi kan inte garantera att g\u00f6dslet \u00e4r fritt fr\u00e5n pyralider som i vissa falla anv\u00e4nds som bek\u00e4mpningsmedel p\u00e5 olika s\u00e4desslag och kan ge skador p\u00e5 vissa k\u00e4nsliga v\u00e4xter som tex chili.[\/vc_column_text][\/vc_column][vc_column width=&#8221;1\/2&#8243;][vc_column_text]<div class=\"frm_forms  with_frm_style frm_style_formidable-style\" id=\"frm_form_13_container\" >\n<form enctype=\"multipart\/form-data\" method=\"post\" class=\"frm-show-form \" id=\"form_dugd6\" >\n<div class=\"frm_form_fields \">\n<fieldset>\n<legend class=\"frm_hidden\">G\u00f6dsel<\/legend>\n\n<div class=\"frm_fields_container\">\n<input type=\"hidden\" name=\"frm_action\" value=\"create\" \/>\n<input type=\"hidden\" name=\"form_id\" value=\"13\" \/>\n<input type=\"hidden\" name=\"frm_hide_fields_13\" id=\"frm_hide_fields_13\" value=\"\" \/>\n<input type=\"hidden\" name=\"form_key\" value=\"dugd6\" \/>\n<input type=\"hidden\" name=\"item_meta[0]\" value=\"\" \/>\n<input type=\"hidden\" id=\"frm_submit_entry_13\" name=\"frm_submit_entry_13\" value=\"4894d1458b\" \/><input type=\"hidden\" name=\"_wp_http_referer\" value=\"\/akalla\/wp-json\/wp\/v2\/pages\/624\" \/><div id=\"frm_field_108_container\" class=\"frm_form_field form-field  frm_required_field frm_top_container\">\n    <label for=\"field_fzo9t\" class=\"frm_primary_label\">Namn\n        <span class=\"frm_required\">*<\/span>\n    <\/label>\n    <input type=\"text\" id=\"field_fzo9t\" name=\"item_meta[108]\" value=\"\"  data-reqmsg=\"Namn kan inte vara tom.\" aria-required=\"true\" data-invmsg=\"Namn \u00e4r ogiltigt\" aria-invalid=\"false\"  \/>\n    \n    \n<\/div>\n<div id=\"frm_field_110_container\" class=\"frm_form_field form-field  frm_required_field frm_top_container\">\n    <label for=\"field_7iygp\" class=\"frm_primary_label\">E-postadress\n        <span class=\"frm_required\">*<\/span>\n    <\/label>\n    <input type=\"email\" id=\"field_7iygp\" name=\"item_meta[110]\" value=\"\"  data-reqmsg=\"E-postadress kan inte vara tom.\" aria-required=\"true\" data-invmsg=\"E-postadress \u00e4r ogiltigt\" aria-invalid=\"false\"  \/>\n    \n    \n<\/div>\n<div id=\"frm_field_109_container\" class=\"frm_form_field form-field  frm_required_field frm_top_container\">\n    <label for=\"field_tz3g7\" class=\"frm_primary_label\">Hur m\u00e5nga s\u00e4ckar\n        <span class=\"frm_required\">*<\/span>\n    <\/label>\n    <input type=\"text\" id=\"field_tz3g7\" name=\"item_meta[109]\" value=\"\"  data-reqmsg=\"Hur m\u00e5nga s\u00e4ckar kan inte vara tom.\" aria-required=\"true\" data-invmsg=\"Hur m\u00e5nga s\u00e4ckar \u00e4r ogiltigt\" aria-invalid=\"false\"  \/>\n    \n    \n<\/div>\n<div id=\"frm_field_111_container\" class=\"frm_form_field form-field  frm_required_field frm_top_container\">\n    <label for=\"field_ayok\" class=\"frm_primary_label\">\u00d6nskat datum f\u00f6r h\u00e4mtning\n        <span class=\"frm_required\">*<\/span>\n    <\/label>\n    <input type=\"text\" id=\"field_ayok\" name=\"item_meta[111]\" value=\"\"  data-reqmsg=\"\u00d6nskat datum f\u00f6r h\u00e4mtning kan inte vara tom.\" aria-required=\"true\" data-invmsg=\"\u00d6nskat datum f\u00f6r h\u00e4mtning \u00e4r ogiltigt\" aria-invalid=\"false\"  \/>\n    \n    \n<\/div>\n<div id=\"frm_field_112_container\" class=\"frm_form_field form-field  frm_top_container\">\n    <label for=\"field_95hx9\" class=\"frm_primary_label\">\u00d6vrigt\n        <span class=\"frm_required\"><\/span>\n    <\/label>\n    <textarea name=\"item_meta[112]\" id=\"field_95hx9\" rows=\"5\"  data-invmsg=\"\u00d6vrigt \u00e4r ogiltigt\" aria-invalid=\"false\"  ><\/textarea>\n    \n    \n<\/div>\n\t<input type=\"hidden\" name=\"item_key\" value=\"\" \/>\n\t\t\t<div id=\"frm_field_201_container\">\n\t\t\t<label for=\"field_sgrc8\" >\n\t\t\t\tOm du \u00e4r m\u00e4nsklig, l\u00e4mna det h\u00e4r f\u00e4ltet tomt.\t\t\t<\/label>\n\t\t\t<input  id=\"field_sgrc8\" type=\"text\" class=\"frm_form_field form-field frm_verify\" name=\"item_meta[201]\" value=\"\"  \/>\n\t\t<\/div>\n\t\t<input name=\"frm_state\" type=\"hidden\" value=\"Wut2xnMqxSN0ij7rSERy8mMdUfUFcZHTdg\/3zTCjtbw=\" \/><div class=\"frm_submit\">\n\n<button class=\"frm_button_submit\" type=\"submit\"  >Skicka<\/button>\n\n<\/div><\/div>\n<\/fieldset>\n<\/div>\n\n<\/form>\n<\/div>\n[\/vc_column_text][\/vc_column][\/vc_row]<\/p>\n<\/div>","protected":false},"excerpt":{"rendered":"<p>[vc_row][vc_column width=&#8221;1\/2&#8243;][vc_column_text] K\u00f6pa g\u00f6dsel [\/vc_column_text][vc_column_text]Vi s\u00e4ljer s\u00e4ckar med en blandning av f\u00e4rskt h\u00e4stg\u00f6dsel och torv. S\u00e4ckarna inneh\u00e5ller ca 30 liter. En s\u00e4ck kostar 40 kr. Fyll i formul\u00e4ret f\u00f6r att boka s\u00e4ckar. &nbsp; Utk\u00f6rning med h\u00e4st p\u00e5 J\u00e4rvaf\u00e4ltet: Vi kan k\u00f6ra ut g\u00f6dsel med h\u00e4st och vagn i n\u00e4romr\u00e5det. Kontakta oss f\u00f6r mer information och&nbsp; <a href=\"https:\/\/www.4h.se\/akalla\/godsel\/\">&hellip; Read more <i class=\"glyphicon glyphicon-arrow-right\"><\/i><\/a><\/p>\n","protected":false},"author":158,"featured_media":0,"parent":0,"menu_order":0,"comment_status":"closed","ping_status":"closed","template":"","meta":{"footnotes":""},"class_list":["post-624","page","type-page","status-publish","hentry"],"yoast_head":"<!-- This site is optimized with the Yoast SEO plugin v27.4 - https:\/\/yoast.com\/product\/yoast-seo-wordpress\/ -->\n<title>G\u00f6dsel - Akalla 4H-g\u00e5rd<\/title>\n<meta name=\"robots\" content=\"index, follow, max-snippet:-1, max-image-preview:large, max-video-preview:-1\" \/>\n<link rel=\"canonical\" href=\"https:\/\/www.4h.se\/akalla\/godsel\/\" \/>\n<meta property=\"og:locale\" content=\"sv_SE\" \/>\n<meta property=\"og:type\" content=\"article\" \/>\n<meta property=\"og:title\" content=\"G\u00f6dsel - Akalla 4H-g\u00e5rd\" \/>\n<meta property=\"og:description\" content=\"[vc_row][vc_column width=&#8221;1\/2&#8243;][vc_column_text] K\u00f6pa g\u00f6dsel [\/vc_column_text][vc_column_text]Vi s\u00e4ljer s\u00e4ckar med en blandning av f\u00e4rskt h\u00e4stg\u00f6dsel och torv. S\u00e4ckarna inneh\u00e5ller ca 30 liter. En s\u00e4ck kostar 40 kr. Fyll i formul\u00e4ret f\u00f6r att boka s\u00e4ckar. &nbsp; Utk\u00f6rning med h\u00e4st p\u00e5 J\u00e4rvaf\u00e4ltet: Vi kan k\u00f6ra ut g\u00f6dsel med h\u00e4st och vagn i n\u00e4romr\u00e5det. Kontakta oss f\u00f6r mer information och&nbsp; &hellip; Read more\" \/>\n<meta property=\"og:url\" content=\"https:\/\/www.4h.se\/akalla\/godsel\/\" \/>\n<meta property=\"og:site_name\" content=\"Akalla 4H-g\u00e5rd\" \/>\n<meta property=\"article:modified_time\" content=\"2024-04-04T08:52:38+00:00\" \/>\n<meta name=\"twitter:card\" content=\"summary_large_image\" \/>\n<meta name=\"twitter:label1\" content=\"Ber\u00e4knad l\u00e4stid\" \/>\n\t<meta name=\"twitter:data1\" content=\"2 minuter\" \/>\n<script type=\"application\/ld+json\" class=\"yoast-schema-graph\">{\"@context\":\"https:\\\/\\\/schema.org\",\"@graph\":[{\"@type\":\"WebPage\",\"@id\":\"https:\\\/\\\/www.4h.se\\\/akalla\\\/godsel\\\/\",\"url\":\"https:\\\/\\\/www.4h.se\\\/akalla\\\/godsel\\\/\",\"name\":\"G\u00f6dsel - Akalla 4H-g\u00e5rd\",\"isPartOf\":{\"@id\":\"https:\\\/\\\/www.4h.se\\\/akalla\\\/#website\"},\"datePublished\":\"2023-02-16T09:19:52+00:00\",\"dateModified\":\"2024-04-04T08:52:38+00:00\",\"breadcrumb\":{\"@id\":\"https:\\\/\\\/www.4h.se\\\/akalla\\\/godsel\\\/#breadcrumb\"},\"inLanguage\":\"sv-SE\",\"potentialAction\":[{\"@type\":\"ReadAction\",\"target\":[\"https:\\\/\\\/www.4h.se\\\/akalla\\\/godsel\\\/\"]}]},{\"@type\":\"BreadcrumbList\",\"@id\":\"https:\\\/\\\/www.4h.se\\\/akalla\\\/godsel\\\/#breadcrumb\",\"itemListElement\":[{\"@type\":\"ListItem\",\"position\":1,\"name\":\"Hem\",\"item\":\"https:\\\/\\\/www.4h.se\\\/akalla\\\/\"},{\"@type\":\"ListItem\",\"position\":2,\"name\":\"G\u00f6dsel\"}]},{\"@type\":\"WebSite\",\"@id\":\"https:\\\/\\\/www.4h.se\\\/akalla\\\/#website\",\"url\":\"https:\\\/\\\/www.4h.se\\\/akalla\\\/\",\"name\":\"Akalla 4H-g\u00e5rd\",\"description\":\"L\u00e4ra genom att g\u00f6ra\",\"potentialAction\":[{\"@type\":\"SearchAction\",\"target\":{\"@type\":\"EntryPoint\",\"urlTemplate\":\"https:\\\/\\\/www.4h.se\\\/akalla\\\/?s={search_term_string}\"},\"query-input\":{\"@type\":\"PropertyValueSpecification\",\"valueRequired\":true,\"valueName\":\"search_term_string\"}}],\"inLanguage\":\"sv-SE\"}]}<\/script>\n<!-- \/ Yoast SEO plugin. -->","yoast_head_json":{"title":"G\u00f6dsel - Akalla 4H-g\u00e5rd","robots":{"index":"index","follow":"follow","max-snippet":"max-snippet:-1","max-image-preview":"max-image-preview:large","max-video-preview":"max-video-preview:-1"},"canonical":"https:\/\/www.4h.se\/akalla\/godsel\/","og_locale":"sv_SE","og_type":"article","og_title":"G\u00f6dsel - Akalla 4H-g\u00e5rd","og_description":"[vc_row][vc_column width=&#8221;1\/2&#8243;][vc_column_text] K\u00f6pa g\u00f6dsel [\/vc_column_text][vc_column_text]Vi s\u00e4ljer s\u00e4ckar med en blandning av f\u00e4rskt h\u00e4stg\u00f6dsel och torv. S\u00e4ckarna inneh\u00e5ller ca 30 liter. En s\u00e4ck kostar 40 kr. Fyll i formul\u00e4ret f\u00f6r att boka s\u00e4ckar. &nbsp; Utk\u00f6rning med h\u00e4st p\u00e5 J\u00e4rvaf\u00e4ltet: Vi kan k\u00f6ra ut g\u00f6dsel med h\u00e4st och vagn i n\u00e4romr\u00e5det. Kontakta oss f\u00f6r mer information och&nbsp; &hellip; Read more","og_url":"https:\/\/www.4h.se\/akalla\/godsel\/","og_site_name":"Akalla 4H-g\u00e5rd","article_modified_time":"2024-04-04T08:52:38+00:00","twitter_card":"summary_large_image","twitter_misc":{"Ber\u00e4knad l\u00e4stid":"2 minuter"},"schema":{"@context":"https:\/\/schema.org","@graph":[{"@type":"WebPage","@id":"https:\/\/www.4h.se\/akalla\/godsel\/","url":"https:\/\/www.4h.se\/akalla\/godsel\/","name":"G\u00f6dsel - Akalla 4H-g\u00e5rd","isPartOf":{"@id":"https:\/\/www.4h.se\/akalla\/#website"},"datePublished":"2023-02-16T09:19:52+00:00","dateModified":"2024-04-04T08:52:38+00:00","breadcrumb":{"@id":"https:\/\/www.4h.se\/akalla\/godsel\/#breadcrumb"},"inLanguage":"sv-SE","potentialAction":[{"@type":"ReadAction","target":["https:\/\/www.4h.se\/akalla\/godsel\/"]}]},{"@type":"BreadcrumbList","@id":"https:\/\/www.4h.se\/akalla\/godsel\/#breadcrumb","itemListElement":[{"@type":"ListItem","position":1,"name":"Hem","item":"https:\/\/www.4h.se\/akalla\/"},{"@type":"ListItem","position":2,"name":"G\u00f6dsel"}]},{"@type":"WebSite","@id":"https:\/\/www.4h.se\/akalla\/#website","url":"https:\/\/www.4h.se\/akalla\/","name":"Akalla 4H-g\u00e5rd","description":"L\u00e4ra genom att g\u00f6ra","potentialAction":[{"@type":"SearchAction","target":{"@type":"EntryPoint","urlTemplate":"https:\/\/www.4h.se\/akalla\/?s={search_term_string}"},"query-input":{"@type":"PropertyValueSpecification","valueRequired":true,"valueName":"search_term_string"}}],"inLanguage":"sv-SE"}]}},"_links":{"self":[{"href":"https:\/\/www.4h.se\/akalla\/wp-json\/wp\/v2\/pages\/624","targetHints":{"allow":["GET"]}}],"collection":[{"href":"https:\/\/www.4h.se\/akalla\/wp-json\/wp\/v2\/pages"}],"about":[{"href":"https:\/\/www.4h.se\/akalla\/wp-json\/wp\/v2\/types\/page"}],"author":[{"embeddable":true,"href":"https:\/\/www.4h.se\/akalla\/wp-json\/wp\/v2\/users\/158"}],"replies":[{"embeddable":true,"href":"https:\/\/www.4h.se\/akalla\/wp-json\/wp\/v2\/comments?post=624"}],"version-history":[{"count":0,"href":"https:\/\/www.4h.se\/akalla\/wp-json\/wp\/v2\/pages\/624\/revisions"}],"wp:attachment":[{"href":"https:\/\/www.4h.se\/akalla\/wp-json\/wp\/v2\/media?parent=624"}],"curies":[{"name":"wp","href":"https:\/\/api.w.org\/{rel}","templated":true}]}}