



{"id":559,"date":"2020-03-09T10:30:58","date_gmt":"2020-03-09T09:30:58","guid":{"rendered":"http:\/\/www.4h.se\/akalla\/?page_id=559"},"modified":"2025-12-17T15:45:03","modified_gmt":"2025-12-17T14:45:03","slug":"miniledarkurs-fran-10-ar","status":"publish","type":"page","link":"https:\/\/www.4h.se\/akalla\/miniledarkurs-fran-10-ar\/","title":{"rendered":"Miniledarkurs fr\u00e5n 10 \u00e5r"},"content":{"rendered":"<div class=\"wpb-content-wrapper\"><p>[vc_row][vc_column width=&#8221;1\/2&#8243;][vc_column_text css=&#8221;&#8221;]<\/p>\n<h2 style=\"text-align: left;\" align=\"center\"><strong>MINILEDARKURS<\/strong><\/h2>\n<p style=\"text-align: left;\" align=\"center\">F\u00f6r dig som fyllt 10 \u00e5r och tidigare deltagit i djursk\u00f6tarkurs minst en termin tidigare. Miniledarkursen \u00e4r f\u00f6rberedande f\u00f6r dig som vill bli ungdomsledare p\u00e5 g\u00e5rden.<\/p>\n<p style=\"text-align: left;\" align=\"center\"><strong>Dag:&nbsp;<\/strong>Fredag<\/p>\n<p><strong>Tid:<\/strong>&nbsp;kl 15<sup>45<\/sup>&#8211; 17<sup>00<\/sup><\/p>\n<p><strong>Period:<\/strong> v 10-22<\/p>\n<p><strong>Kostnad:&nbsp; <\/strong>1200kr\/termin + medlemskap 320kr\/\u00e5r<\/p>\n<p>&nbsp;<\/p>\n<div class=\"vc_row wpb_row vc_row-fluid\">\n<div class=\"wpb_column vc_column_container vc_col-sm-12\">\n<div class=\"vc_column-inner \">\n<div class=\"wpb_wrapper\">\n<div class=\"wpb_text_column wpb_content_element \">\n<div class=\"wpb_wrapper\">\n<h4 style=\"text-align: center;\">Om du redan har ett konto p\u00e5 Antribe logga in INNAN du trycker p\u00e5 l\u00e4nken.<\/h4>\n<h2 style=\"text-align: center;\"><a href=\"https:\/\/www.antribe.com\/org\/4h\/akalla-4h\/event\"><span style=\"text-decoration: underline;\"><span style=\"color: #008000;\">Anm\u00e4l H\u00c4R<\/span><\/span><\/a><\/h2>\n<p>&nbsp;<\/p><\/div>\n<\/div>\n<\/div>\n<\/div>\n<\/div>\n<\/div>\n<p>&nbsp;[\/vc_column_text][\/vc_column][vc_column width=&#8221;1\/2&#8243;][vc_column_text css=&#8221;&#8221;]<img loading=\"lazy\" decoding=\"async\" class=\"alignnone  wp-image-747\" src=\"https:\/\/www.4h.se\/akalla\/wp-content\/uploads\/sites\/109\/2025\/12\/Skarmbild-2025-12-17-153457.png\" alt=\"\" width=\"243\" height=\"294\" srcset=\"https:\/\/www.4h.se\/akalla\/wp-content\/uploads\/sites\/109\/2025\/12\/Skarmbild-2025-12-17-153457.png 705w, https:\/\/www.4h.se\/akalla\/wp-content\/uploads\/sites\/109\/2025\/12\/Skarmbild-2025-12-17-153457-248x300.png 248w, https:\/\/www.4h.se\/akalla\/wp-content\/uploads\/sites\/109\/2025\/12\/Skarmbild-2025-12-17-153457-124x150.png 124w\" sizes=\"auto, (max-width: 243px) 100vw, 243px\" \/>[\/vc_column_text][\/vc_column][\/vc_row][vc_row][vc_column width=&#8221;1\/2&#8243;][vc_column_text css=&#8221;&#8221;]<\/p>\n<h4>Medlemsavgift<\/h4>\n<p>F\u00f6r att g\u00e5 p\u00e5&nbsp;v\u00e5ra kurser&nbsp;m\u00e5ste&nbsp;<strong>ditt barn<\/strong>&nbsp;bli medlem i Akalla 4H-klubb, detta kostar 320kr per \u00e5r. \u00c4r inte barnet redan medlem s\u00e5 skapas en medlemsfaktura automatiskt n\u00e4r ni anm\u00e4ler er till kursen.<\/p>\n<p>Som medlem f\u00e5r du \u00e4ven tillg\u00e5ng till v\u00e5ra l\u00e4ger, rabatt p\u00e5 15 minuters och 30 minuters ridningar m.m[\/vc_column_text][\/vc_column][vc_column width=&#8221;1\/2&#8243;][vc_column_text css=&#8221;&#8221;]<\/p>\n<h4>AVBOKNING<\/h4>\n<p>Avbokning skall ske senast tv\u00e5 veckor f\u00f6re kursens start, I annat fall betalas inte avgiften \u00e5ter. Medlemsavgiften \u00e5terbetalas ej.[\/vc_column_text][\/vc_column][\/vc_row]<\/p>\n<\/div>","protected":false},"excerpt":{"rendered":"<p>[vc_row][vc_column width=&#8221;1\/2&#8243;][vc_column_text css=&#8221;&#8221;] MINILEDARKURS F\u00f6r dig som fyllt 10 \u00e5r och tidigare deltagit i djursk\u00f6tarkurs minst en termin tidigare. Miniledarkursen \u00e4r f\u00f6rberedande f\u00f6r dig som vill bli ungdomsledare p\u00e5 g\u00e5rden. Dag:&nbsp;Fredag Tid:&nbsp;kl 1545&#8211; 1700 Period: v 10-22 Kostnad:&nbsp; 1200kr\/termin + medlemskap 320kr\/\u00e5r &nbsp; Om du redan har ett konto p\u00e5 Antribe logga in INNAN du&nbsp; <a href=\"https:\/\/www.4h.se\/akalla\/miniledarkurs-fran-10-ar\/\">&hellip; Read more <i class=\"glyphicon glyphicon-arrow-right\"><\/i><\/a><\/p>\n","protected":false},"author":158,"featured_media":0,"parent":0,"menu_order":0,"comment_status":"closed","ping_status":"closed","template":"","meta":{"footnotes":""},"class_list":["post-559","page","type-page","status-publish","hentry"],"yoast_head":"<!-- This site is optimized with the Yoast SEO plugin v27.4 - https:\/\/yoast.com\/product\/yoast-seo-wordpress\/ -->\n<title>Miniledarkurs fr\u00e5n 10 \u00e5r - Akalla 4H-g\u00e5rd<\/title>\n<meta name=\"robots\" content=\"index, follow, max-snippet:-1, max-image-preview:large, max-video-preview:-1\" \/>\n<link rel=\"canonical\" href=\"https:\/\/www.4h.se\/akalla\/miniledarkurs-fran-10-ar\/\" \/>\n<meta property=\"og:locale\" content=\"sv_SE\" \/>\n<meta property=\"og:type\" content=\"article\" \/>\n<meta property=\"og:title\" content=\"Miniledarkurs fr\u00e5n 10 \u00e5r - Akalla 4H-g\u00e5rd\" \/>\n<meta property=\"og:description\" content=\"[vc_row][vc_column width=&#8221;1\/2&#8243;][vc_column_text css=&#8221;&#8221;] MINILEDARKURS F\u00f6r dig som fyllt 10 \u00e5r och tidigare deltagit i djursk\u00f6tarkurs minst en termin tidigare. Miniledarkursen \u00e4r f\u00f6rberedande f\u00f6r dig som vill bli ungdomsledare p\u00e5 g\u00e5rden. Dag:&nbsp;Fredag Tid:&nbsp;kl 1545&#8211; 1700 Period: v 10-22 Kostnad:&nbsp; 1200kr\/termin + medlemskap 320kr\/\u00e5r &nbsp; Om du redan har ett konto p\u00e5 Antribe logga in INNAN du&nbsp; &hellip; Read more\" \/>\n<meta property=\"og:url\" content=\"https:\/\/www.4h.se\/akalla\/miniledarkurs-fran-10-ar\/\" \/>\n<meta property=\"og:site_name\" content=\"Akalla 4H-g\u00e5rd\" \/>\n<meta property=\"article:modified_time\" content=\"2025-12-17T14:45:03+00:00\" \/>\n<meta property=\"og:image\" content=\"https:\/\/www.4h.se\/akalla\/wp-content\/uploads\/sites\/109\/2025\/12\/Skarmbild-2025-12-17-153457.png\" \/>\n\t<meta property=\"og:image:width\" content=\"705\" \/>\n\t<meta property=\"og:image:height\" content=\"854\" \/>\n\t<meta property=\"og:image:type\" content=\"image\/png\" \/>\n<meta name=\"twitter:card\" content=\"summary_large_image\" \/>\n<meta name=\"twitter:label1\" content=\"Ber\u00e4knad l\u00e4stid\" \/>\n\t<meta name=\"twitter:data1\" content=\"1 minut\" \/>\n<script type=\"application\/ld+json\" class=\"yoast-schema-graph\">{\"@context\":\"https:\\\/\\\/schema.org\",\"@graph\":[{\"@type\":\"WebPage\",\"@id\":\"https:\\\/\\\/www.4h.se\\\/akalla\\\/miniledarkurs-fran-10-ar\\\/\",\"url\":\"https:\\\/\\\/www.4h.se\\\/akalla\\\/miniledarkurs-fran-10-ar\\\/\",\"name\":\"Miniledarkurs fr\u00e5n 10 \u00e5r - Akalla 4H-g\u00e5rd\",\"isPartOf\":{\"@id\":\"https:\\\/\\\/www.4h.se\\\/akalla\\\/#website\"},\"primaryImageOfPage\":{\"@id\":\"https:\\\/\\\/www.4h.se\\\/akalla\\\/miniledarkurs-fran-10-ar\\\/#primaryimage\"},\"image\":{\"@id\":\"https:\\\/\\\/www.4h.se\\\/akalla\\\/miniledarkurs-fran-10-ar\\\/#primaryimage\"},\"thumbnailUrl\":\"https:\\\/\\\/www.4h.se\\\/akalla\\\/wp-content\\\/uploads\\\/sites\\\/109\\\/2025\\\/12\\\/Skarmbild-2025-12-17-153457.png\",\"datePublished\":\"2020-03-09T09:30:58+00:00\",\"dateModified\":\"2025-12-17T14:45:03+00:00\",\"breadcrumb\":{\"@id\":\"https:\\\/\\\/www.4h.se\\\/akalla\\\/miniledarkurs-fran-10-ar\\\/#breadcrumb\"},\"inLanguage\":\"sv-SE\",\"potentialAction\":[{\"@type\":\"ReadAction\",\"target\":[\"https:\\\/\\\/www.4h.se\\\/akalla\\\/miniledarkurs-fran-10-ar\\\/\"]}]},{\"@type\":\"ImageObject\",\"inLanguage\":\"sv-SE\",\"@id\":\"https:\\\/\\\/www.4h.se\\\/akalla\\\/miniledarkurs-fran-10-ar\\\/#primaryimage\",\"url\":\"https:\\\/\\\/www.4h.se\\\/akalla\\\/wp-content\\\/uploads\\\/sites\\\/109\\\/2025\\\/12\\\/Skarmbild-2025-12-17-153457.png\",\"contentUrl\":\"https:\\\/\\\/www.4h.se\\\/akalla\\\/wp-content\\\/uploads\\\/sites\\\/109\\\/2025\\\/12\\\/Skarmbild-2025-12-17-153457.png\",\"width\":705,\"height\":854},{\"@type\":\"BreadcrumbList\",\"@id\":\"https:\\\/\\\/www.4h.se\\\/akalla\\\/miniledarkurs-fran-10-ar\\\/#breadcrumb\",\"itemListElement\":[{\"@type\":\"ListItem\",\"position\":1,\"name\":\"Hem\",\"item\":\"https:\\\/\\\/www.4h.se\\\/akalla\\\/\"},{\"@type\":\"ListItem\",\"position\":2,\"name\":\"Miniledarkurs fr\u00e5n 10 \u00e5r\"}]},{\"@type\":\"WebSite\",\"@id\":\"https:\\\/\\\/www.4h.se\\\/akalla\\\/#website\",\"url\":\"https:\\\/\\\/www.4h.se\\\/akalla\\\/\",\"name\":\"Akalla 4H-g\u00e5rd\",\"description\":\"L\u00e4ra genom att g\u00f6ra\",\"potentialAction\":[{\"@type\":\"SearchAction\",\"target\":{\"@type\":\"EntryPoint\",\"urlTemplate\":\"https:\\\/\\\/www.4h.se\\\/akalla\\\/?s={search_term_string}\"},\"query-input\":{\"@type\":\"PropertyValueSpecification\",\"valueRequired\":true,\"valueName\":\"search_term_string\"}}],\"inLanguage\":\"sv-SE\"}]}<\/script>\n<!-- \/ Yoast SEO plugin. -->","yoast_head_json":{"title":"Miniledarkurs fr\u00e5n 10 \u00e5r - Akalla 4H-g\u00e5rd","robots":{"index":"index","follow":"follow","max-snippet":"max-snippet:-1","max-image-preview":"max-image-preview:large","max-video-preview":"max-video-preview:-1"},"canonical":"https:\/\/www.4h.se\/akalla\/miniledarkurs-fran-10-ar\/","og_locale":"sv_SE","og_type":"article","og_title":"Miniledarkurs fr\u00e5n 10 \u00e5r - Akalla 4H-g\u00e5rd","og_description":"[vc_row][vc_column width=&#8221;1\/2&#8243;][vc_column_text css=&#8221;&#8221;] MINILEDARKURS F\u00f6r dig som fyllt 10 \u00e5r och tidigare deltagit i djursk\u00f6tarkurs minst en termin tidigare. Miniledarkursen \u00e4r f\u00f6rberedande f\u00f6r dig som vill bli ungdomsledare p\u00e5 g\u00e5rden. Dag:&nbsp;Fredag Tid:&nbsp;kl 1545&#8211; 1700 Period: v 10-22 Kostnad:&nbsp; 1200kr\/termin + medlemskap 320kr\/\u00e5r &nbsp; Om du redan har ett konto p\u00e5 Antribe logga in INNAN du&nbsp; &hellip; Read more","og_url":"https:\/\/www.4h.se\/akalla\/miniledarkurs-fran-10-ar\/","og_site_name":"Akalla 4H-g\u00e5rd","article_modified_time":"2025-12-17T14:45:03+00:00","og_image":[{"width":705,"height":854,"url":"https:\/\/www.4h.se\/akalla\/wp-content\/uploads\/sites\/109\/2025\/12\/Skarmbild-2025-12-17-153457.png","type":"image\/png"}],"twitter_card":"summary_large_image","twitter_misc":{"Ber\u00e4knad l\u00e4stid":"1 minut"},"schema":{"@context":"https:\/\/schema.org","@graph":[{"@type":"WebPage","@id":"https:\/\/www.4h.se\/akalla\/miniledarkurs-fran-10-ar\/","url":"https:\/\/www.4h.se\/akalla\/miniledarkurs-fran-10-ar\/","name":"Miniledarkurs fr\u00e5n 10 \u00e5r - Akalla 4H-g\u00e5rd","isPartOf":{"@id":"https:\/\/www.4h.se\/akalla\/#website"},"primaryImageOfPage":{"@id":"https:\/\/www.4h.se\/akalla\/miniledarkurs-fran-10-ar\/#primaryimage"},"image":{"@id":"https:\/\/www.4h.se\/akalla\/miniledarkurs-fran-10-ar\/#primaryimage"},"thumbnailUrl":"https:\/\/www.4h.se\/akalla\/wp-content\/uploads\/sites\/109\/2025\/12\/Skarmbild-2025-12-17-153457.png","datePublished":"2020-03-09T09:30:58+00:00","dateModified":"2025-12-17T14:45:03+00:00","breadcrumb":{"@id":"https:\/\/www.4h.se\/akalla\/miniledarkurs-fran-10-ar\/#breadcrumb"},"inLanguage":"sv-SE","potentialAction":[{"@type":"ReadAction","target":["https:\/\/www.4h.se\/akalla\/miniledarkurs-fran-10-ar\/"]}]},{"@type":"ImageObject","inLanguage":"sv-SE","@id":"https:\/\/www.4h.se\/akalla\/miniledarkurs-fran-10-ar\/#primaryimage","url":"https:\/\/www.4h.se\/akalla\/wp-content\/uploads\/sites\/109\/2025\/12\/Skarmbild-2025-12-17-153457.png","contentUrl":"https:\/\/www.4h.se\/akalla\/wp-content\/uploads\/sites\/109\/2025\/12\/Skarmbild-2025-12-17-153457.png","width":705,"height":854},{"@type":"BreadcrumbList","@id":"https:\/\/www.4h.se\/akalla\/miniledarkurs-fran-10-ar\/#breadcrumb","itemListElement":[{"@type":"ListItem","position":1,"name":"Hem","item":"https:\/\/www.4h.se\/akalla\/"},{"@type":"ListItem","position":2,"name":"Miniledarkurs fr\u00e5n 10 \u00e5r"}]},{"@type":"WebSite","@id":"https:\/\/www.4h.se\/akalla\/#website","url":"https:\/\/www.4h.se\/akalla\/","name":"Akalla 4H-g\u00e5rd","description":"L\u00e4ra genom att g\u00f6ra","potentialAction":[{"@type":"SearchAction","target":{"@type":"EntryPoint","urlTemplate":"https:\/\/www.4h.se\/akalla\/?s={search_term_string}"},"query-input":{"@type":"PropertyValueSpecification","valueRequired":true,"valueName":"search_term_string"}}],"inLanguage":"sv-SE"}]}},"_links":{"self":[{"href":"https:\/\/www.4h.se\/akalla\/wp-json\/wp\/v2\/pages\/559","targetHints":{"allow":["GET"]}}],"collection":[{"href":"https:\/\/www.4h.se\/akalla\/wp-json\/wp\/v2\/pages"}],"about":[{"href":"https:\/\/www.4h.se\/akalla\/wp-json\/wp\/v2\/types\/page"}],"author":[{"embeddable":true,"href":"https:\/\/www.4h.se\/akalla\/wp-json\/wp\/v2\/users\/158"}],"replies":[{"embeddable":true,"href":"https:\/\/www.4h.se\/akalla\/wp-json\/wp\/v2\/comments?post=559"}],"version-history":[{"count":0,"href":"https:\/\/www.4h.se\/akalla\/wp-json\/wp\/v2\/pages\/559\/revisions"}],"wp:attachment":[{"href":"https:\/\/www.4h.se\/akalla\/wp-json\/wp\/v2\/media?parent=559"}],"curies":[{"name":"wp","href":"https:\/\/api.w.org\/{rel}","templated":true}]}}