



{"id":455,"date":"2019-02-11T11:06:29","date_gmt":"2019-02-11T10:06:29","guid":{"rendered":"http:\/\/www.4h.se\/akalla\/?page_id=455"},"modified":"2026-01-30T10:46:01","modified_gmt":"2026-01-30T09:46:01","slug":"datum-och-priser","status":"publish","type":"page","link":"https:\/\/www.4h.se\/akalla\/lager\/datum-och-priser\/","title":{"rendered":"Datum och priser"},"content":{"rendered":"<div class=\"wpb-content-wrapper\"><p>[vc_row][vc_column][vc_column_text css=&#8221;&#8221;]<\/p>\n<div class=\"section-block block-container layout-1 section-0\">\n<div class=\"col-block col-0\">\n<div class=\"block-container text-part part maskable normaltext-type\">\n<div class=\"block-object\">\n<h1 class=\"BodyTextContainerTop\">L\u00e4ger 2026<\/h1>\n<\/div>\n<div class=\"block-object\">\n<div id=\"ctl00_contentPlaceHolder__B1_readPanel_\">\n<div class=\"ParagraphContainer\">\n<p><strong>Medlemsavgift (320kr\/\u00e5r) tillkommer om du inte redan \u00e4r medlem.<\/strong><\/p>\n<h4><strong>Tiderna \u00e4r:<\/strong><\/h4>\n<p>9.00-12.00 p\u00e5 Mini 4H l\u00e4ger (4-6 \u00e5r).<\/p>\n<p>9.00 &#8211; 15.30 p\u00e5 4H-g\u00e5rdsl\u00e4ger&nbsp; fr\u00e5n 7 \u00e5r<\/p>\n<p>9.00 &#8211; 15.30 p\u00e5 4H-g\u00e5rds l\u00e4ger med inriktning H\u00e4st<\/p>\n<\/div>\n<div class=\"ParagraphContainer\"><\/div>\n<\/div>\n<\/div>\n<\/div>\n<div class=\"block-container text-part part maskable normaltext-type\">\n<div class=\"block-object\">\n<p>F\u00f6r att vara med p\u00e5 v\u00e5ra l\u00e4ger m\u00e5ste man ha betalat&nbsp;<strong>medlemsavgift p\u00e5 320 kr<\/strong>. I medlemsavgiften ing\u00e5r en olycksfallsf\u00f6rs\u00e4kring och du f\u00e5r ocks\u00e5 tillg\u00e5ng till alla andra aktiviteter under \u00e5ret tex djursk\u00f6targrupper, kurser, \u00f6vernattningar mm.<\/p>\n<\/div>\n<\/div>\n<\/div>\n<\/div>\n<p>[\/vc_column_text][\/vc_column][\/vc_row][vc_row][vc_column][vc_column_text css=&#8221;&#8221;]<\/p>\n<div class=\"section-block block-container layout-1 section-0\"><\/div>\n<div><\/div>\n<div class=\"section-block block-container layout-1 section-2\">\n<table style=\"height: 521px;\" border=\"1\" width=\"887\" align=\"left\">\n<tbody>\n<tr>\n<td><strong>VECKA<\/strong><\/td>\n<td><strong>&nbsp;L\u00c4GER<\/strong><\/td>\n<td><strong>&nbsp;DATUM<\/strong><\/td>\n<td style=\"text-align: center;\"><strong>\u00c5LDER<\/strong><\/td>\n<td>\n<p style=\"text-align: center;\"><strong>ANTAL <\/strong><\/p>\n<p style=\"text-align: center;\"><strong>DAGAR<\/strong><\/p>\n<\/td>\n<td>\n<p style=\"text-align: center;\"><strong>&nbsp;PRIS <\/strong><\/p>\n<\/td>\n<td><\/td>\n<td><\/td>\n<\/tr>\n<tr>\n<td>&nbsp;<strong>V.9<\/strong><\/td>\n<td>4H-G\u00e5rdsl\u00e4ger<\/td>\n<td>&nbsp;23\/2-27\/2<\/td>\n<td>Fr\u00e5n 7 \u00e5r<\/td>\n<td>&nbsp;5<\/td>\n<td>1600 kr<\/td>\n<td><\/td>\n<td><\/td>\n<\/tr>\n<tr>\n<td><strong>&nbsp;V.15<\/strong><\/td>\n<td>4H-G\u00e5rdsl\u00e4ger<\/td>\n<td>7\/4-10\/4<\/td>\n<td>Fr\u00e5n 7 \u00e5r<\/td>\n<td>4<\/td>\n<td>1280 kr<\/td>\n<td><\/td>\n<td><\/td>\n<\/tr>\n<tr>\n<td><strong>&nbsp;V.24<\/strong><\/td>\n<td><\/td>\n<td><\/td>\n<td><\/td>\n<td><\/td>\n<td><\/td>\n<td><\/td>\n<td><\/td>\n<\/tr>\n<tr>\n<td><strong>&nbsp;V.25<\/strong><\/td>\n<td>4H-G\u00e5rdsl\u00e4ger<\/td>\n<td>15\/6-18\/6<\/td>\n<td>Fr\u00e5n 7 \u00e5r<\/td>\n<td>4<\/td>\n<td>1280 kr<\/td>\n<td><\/td>\n<td><\/td>\n<\/tr>\n<tr>\n<td><strong>&nbsp;V.26<\/strong><\/td>\n<td>4H-G\u00e5rdsl\u00e4ger<\/td>\n<td>22\/6-26\/6<\/td>\n<td>Fr\u00e5n 7 \u00e5r<\/td>\n<td>5<\/td>\n<td>1600kr<\/td>\n<td><\/td>\n<td><\/td>\n<\/tr>\n<tr>\n<td><strong>&nbsp;V.27<\/strong><\/td>\n<td>4H-G\u00e5rdsl\u00e4ger<\/td>\n<td>29\/7-3\/8<\/td>\n<td>Fr\u00e5n 7 \u00e5r<\/td>\n<td>5<\/td>\n<td>1600kr<\/td>\n<td><\/td>\n<td><\/td>\n<\/tr>\n<tr>\n<td><strong>&nbsp;V.28<\/strong><\/td>\n<td>4H-G\u00e5rdsl\u00e4ger<\/td>\n<td>6\/7-10\/7<\/td>\n<td>Fr\u00e5n 7 \u00e5r<\/td>\n<td>5<\/td>\n<td>1600kr<\/td>\n<td><\/td>\n<td><\/td>\n<\/tr>\n<tr>\n<td><strong>&nbsp;V.29<\/strong><\/td>\n<td>4H-G\u00e5rdsl\u00e4ger med h\u00e4stinriktning<\/td>\n<td>13\/7-17\/7<\/td>\n<td>Fr\u00e5n 7 \u00e5r<\/td>\n<td>5<\/td>\n<td>1600kr<\/td>\n<td><\/td>\n<td><\/td>\n<\/tr>\n<tr>\n<td><strong>&nbsp;V.30<\/strong><\/td>\n<td>4H-G\u00e5rdsl\u00e4ger&nbsp;med h\u00e4stinriktning<\/td>\n<td>20\/7-24\/7<\/td>\n<td>Fr\u00e5n 7 \u00e5r<\/td>\n<td>5<\/td>\n<td>1600kr<\/td>\n<td><\/td>\n<td><\/td>\n<\/tr>\n<tr>\n<td><strong>&nbsp;V.31<\/strong><\/td>\n<td>4H-G\u00e5rdsl\u00e4ger<\/td>\n<td>27\/7-31\/7<\/td>\n<td>Fr\u00e5n 7 \u00e5r<\/td>\n<td>5<\/td>\n<td>1600kr<\/td>\n<td><\/td>\n<td><\/td>\n<\/tr>\n<tr>\n<td><strong>&nbsp;V.32<\/strong><\/td>\n<td>4H-G\u00e5rdsl\u00e4ger<\/td>\n<td>3\/8-7\/8<\/td>\n<td>Fr\u00e5n 7 \u00e5r<\/td>\n<td>5<\/td>\n<td>1600kr<\/td>\n<td><\/td>\n<td><\/td>\n<\/tr>\n<tr>\n<td><strong>V.33<\/strong><\/td>\n<td>4H-G\u00e5rdsl\u00e4ger<\/td>\n<td>10\/8-14\/8<\/td>\n<td>Fr\u00e5n 7 \u00e5r<\/td>\n<td>5<\/td>\n<td>1600kr<\/td>\n<td><\/td>\n<td><\/td>\n<\/tr>\n<tr>\n<td><strong>v.44<\/strong><\/td>\n<td>4H-G\u00e5rdsl\u00e4ger<\/td>\n<td>26\/10-30\/10<\/td>\n<td>Fr\u00e5n 7 \u00e5r<\/td>\n<td>5<\/td>\n<td>1600kr<\/td>\n<td><\/td>\n<td><\/td>\n<\/tr>\n<tr>\n<td><\/td>\n<td><\/td>\n<td><\/td>\n<td><\/td>\n<td><\/td>\n<td><\/td>\n<td><\/td>\n<td><\/td>\n<\/tr>\n<tr>\n<td><\/td>\n<td><\/td>\n<td><\/td>\n<td><\/td>\n<td><\/td>\n<td><\/td>\n<td><\/td>\n<td><\/td>\n<\/tr>\n<\/tbody>\n<\/table>\n<\/div>\n<p>[\/vc_column_text][\/vc_column][\/vc_row][vc_row][vc_column][vc_column_text]<\/p>\n<h4 style=\"text-align: left\"><strong><span style=\"color: #000000\">AVBOKNING<\/span><\/strong><\/h4>\n<p><span style=\"color: #000000\">Avbokning skall ske senast tv\u00e5 veckor f\u00f6re l\u00e4grets start, I annat fall betalas inte avgiften \u00e5ter. Vid sjukdom \u00e5terbetalas hela avgiften mot uppvisande av l\u00e4karintyg. Medlemsavgiften \u00e5terbetalas ej.<\/span>[\/vc_column_text][\/vc_column][\/vc_row][vc_row][vc_column][vc_column_text]<\/p>\n<h4 style=\"text-align: center\">Om du redan har ett konto p\u00e5 Antribe (gamla membersky) logga in INNAN du trycker p\u00e5 l\u00e4nken.<\/h4>\n<h2 style=\"text-align: center\"><span style=\"text-decoration: underline\"><a href=\"https:\/\/www.antribe.com\/org\/4h\/akalla-4h\/event\"><span style=\"color: #008000;text-decoration: underline\">Anm\u00e4lan g\u00f6rs H\u00c4R<\/span><\/a><\/span><\/h2>\n<p>[\/vc_column_text][\/vc_column][\/vc_row]<\/p>\n<\/div>","protected":false},"excerpt":{"rendered":"<p>[vc_row][vc_column][vc_column_text css=&#8221;&#8221;] L\u00e4ger 2026 Medlemsavgift (320kr\/\u00e5r) tillkommer om du inte redan \u00e4r medlem. Tiderna \u00e4r: 9.00-12.00 p\u00e5 Mini 4H l\u00e4ger (4-6 \u00e5r). 9.00 &#8211; 15.30 p\u00e5 4H-g\u00e5rdsl\u00e4ger&nbsp; fr\u00e5n 7 \u00e5r 9.00 &#8211; 15.30 p\u00e5 4H-g\u00e5rds l\u00e4ger med inriktning H\u00e4st F\u00f6r att vara med p\u00e5 v\u00e5ra l\u00e4ger m\u00e5ste man ha betalat&nbsp;medlemsavgift p\u00e5 320 kr. I medlemsavgiften&nbsp; <a href=\"https:\/\/www.4h.se\/akalla\/lager\/datum-och-priser\/\">&hellip; Read more <i class=\"glyphicon glyphicon-arrow-right\"><\/i><\/a><\/p>\n","protected":false},"author":156,"featured_media":0,"parent":440,"menu_order":4,"comment_status":"closed","ping_status":"closed","template":"","meta":{"footnotes":""},"class_list":["post-455","page","type-page","status-publish","hentry"],"yoast_head":"<!-- This site is optimized with the Yoast SEO plugin v27.4 - https:\/\/yoast.com\/product\/yoast-seo-wordpress\/ -->\n<title>Datum och priser - Akalla 4H-g\u00e5rd<\/title>\n<meta name=\"robots\" content=\"index, follow, max-snippet:-1, max-image-preview:large, max-video-preview:-1\" \/>\n<link rel=\"canonical\" href=\"https:\/\/www.4h.se\/akalla\/lager\/datum-och-priser\/\" \/>\n<meta property=\"og:locale\" content=\"sv_SE\" \/>\n<meta property=\"og:type\" content=\"article\" \/>\n<meta property=\"og:title\" content=\"Datum och priser - Akalla 4H-g\u00e5rd\" \/>\n<meta property=\"og:description\" content=\"[vc_row][vc_column][vc_column_text css=&#8221;&#8221;] L\u00e4ger 2026 Medlemsavgift (320kr\/\u00e5r) tillkommer om du inte redan \u00e4r medlem. Tiderna \u00e4r: 9.00-12.00 p\u00e5 Mini 4H l\u00e4ger (4-6 \u00e5r). 9.00 &#8211; 15.30 p\u00e5 4H-g\u00e5rdsl\u00e4ger&nbsp; fr\u00e5n 7 \u00e5r 9.00 &#8211; 15.30 p\u00e5 4H-g\u00e5rds l\u00e4ger med inriktning H\u00e4st F\u00f6r att vara med p\u00e5 v\u00e5ra l\u00e4ger m\u00e5ste man ha betalat&nbsp;medlemsavgift p\u00e5 320 kr. I medlemsavgiften&nbsp; &hellip; Read more\" \/>\n<meta property=\"og:url\" content=\"https:\/\/www.4h.se\/akalla\/lager\/datum-och-priser\/\" \/>\n<meta property=\"og:site_name\" content=\"Akalla 4H-g\u00e5rd\" \/>\n<meta property=\"article:modified_time\" content=\"2026-01-30T09:46:01+00:00\" \/>\n<meta name=\"twitter:card\" content=\"summary_large_image\" \/>\n<meta name=\"twitter:label1\" content=\"Ber\u00e4knad l\u00e4stid\" \/>\n\t<meta name=\"twitter:data1\" content=\"2 minuter\" \/>\n<script type=\"application\/ld+json\" class=\"yoast-schema-graph\">{\"@context\":\"https:\\\/\\\/schema.org\",\"@graph\":[{\"@type\":\"WebPage\",\"@id\":\"https:\\\/\\\/www.4h.se\\\/akalla\\\/lager\\\/datum-och-priser\\\/\",\"url\":\"https:\\\/\\\/www.4h.se\\\/akalla\\\/lager\\\/datum-och-priser\\\/\",\"name\":\"Datum och priser - Akalla 4H-g\u00e5rd\",\"isPartOf\":{\"@id\":\"https:\\\/\\\/www.4h.se\\\/akalla\\\/#website\"},\"datePublished\":\"2019-02-11T10:06:29+00:00\",\"dateModified\":\"2026-01-30T09:46:01+00:00\",\"breadcrumb\":{\"@id\":\"https:\\\/\\\/www.4h.se\\\/akalla\\\/lager\\\/datum-och-priser\\\/#breadcrumb\"},\"inLanguage\":\"sv-SE\",\"potentialAction\":[{\"@type\":\"ReadAction\",\"target\":[\"https:\\\/\\\/www.4h.se\\\/akalla\\\/lager\\\/datum-och-priser\\\/\"]}]},{\"@type\":\"BreadcrumbList\",\"@id\":\"https:\\\/\\\/www.4h.se\\\/akalla\\\/lager\\\/datum-och-priser\\\/#breadcrumb\",\"itemListElement\":[{\"@type\":\"ListItem\",\"position\":1,\"name\":\"Hem\",\"item\":\"https:\\\/\\\/www.4h.se\\\/akalla\\\/\"},{\"@type\":\"ListItem\",\"position\":2,\"name\":\"L\u00e4ger\",\"item\":\"https:\\\/\\\/www.4h.se\\\/akalla\\\/lager\\\/\"},{\"@type\":\"ListItem\",\"position\":3,\"name\":\"Datum och priser\"}]},{\"@type\":\"WebSite\",\"@id\":\"https:\\\/\\\/www.4h.se\\\/akalla\\\/#website\",\"url\":\"https:\\\/\\\/www.4h.se\\\/akalla\\\/\",\"name\":\"Akalla 4H-g\u00e5rd\",\"description\":\"L\u00e4ra genom att g\u00f6ra\",\"potentialAction\":[{\"@type\":\"SearchAction\",\"target\":{\"@type\":\"EntryPoint\",\"urlTemplate\":\"https:\\\/\\\/www.4h.se\\\/akalla\\\/?s={search_term_string}\"},\"query-input\":{\"@type\":\"PropertyValueSpecification\",\"valueRequired\":true,\"valueName\":\"search_term_string\"}}],\"inLanguage\":\"sv-SE\"}]}<\/script>\n<!-- \/ Yoast SEO plugin. -->","yoast_head_json":{"title":"Datum och priser - Akalla 4H-g\u00e5rd","robots":{"index":"index","follow":"follow","max-snippet":"max-snippet:-1","max-image-preview":"max-image-preview:large","max-video-preview":"max-video-preview:-1"},"canonical":"https:\/\/www.4h.se\/akalla\/lager\/datum-och-priser\/","og_locale":"sv_SE","og_type":"article","og_title":"Datum och priser - Akalla 4H-g\u00e5rd","og_description":"[vc_row][vc_column][vc_column_text css=&#8221;&#8221;] L\u00e4ger 2026 Medlemsavgift (320kr\/\u00e5r) tillkommer om du inte redan \u00e4r medlem. Tiderna \u00e4r: 9.00-12.00 p\u00e5 Mini 4H l\u00e4ger (4-6 \u00e5r). 9.00 &#8211; 15.30 p\u00e5 4H-g\u00e5rdsl\u00e4ger&nbsp; fr\u00e5n 7 \u00e5r 9.00 &#8211; 15.30 p\u00e5 4H-g\u00e5rds l\u00e4ger med inriktning H\u00e4st F\u00f6r att vara med p\u00e5 v\u00e5ra l\u00e4ger m\u00e5ste man ha betalat&nbsp;medlemsavgift p\u00e5 320 kr. I medlemsavgiften&nbsp; &hellip; Read more","og_url":"https:\/\/www.4h.se\/akalla\/lager\/datum-och-priser\/","og_site_name":"Akalla 4H-g\u00e5rd","article_modified_time":"2026-01-30T09:46:01+00:00","twitter_card":"summary_large_image","twitter_misc":{"Ber\u00e4knad l\u00e4stid":"2 minuter"},"schema":{"@context":"https:\/\/schema.org","@graph":[{"@type":"WebPage","@id":"https:\/\/www.4h.se\/akalla\/lager\/datum-och-priser\/","url":"https:\/\/www.4h.se\/akalla\/lager\/datum-och-priser\/","name":"Datum och priser - Akalla 4H-g\u00e5rd","isPartOf":{"@id":"https:\/\/www.4h.se\/akalla\/#website"},"datePublished":"2019-02-11T10:06:29+00:00","dateModified":"2026-01-30T09:46:01+00:00","breadcrumb":{"@id":"https:\/\/www.4h.se\/akalla\/lager\/datum-och-priser\/#breadcrumb"},"inLanguage":"sv-SE","potentialAction":[{"@type":"ReadAction","target":["https:\/\/www.4h.se\/akalla\/lager\/datum-och-priser\/"]}]},{"@type":"BreadcrumbList","@id":"https:\/\/www.4h.se\/akalla\/lager\/datum-och-priser\/#breadcrumb","itemListElement":[{"@type":"ListItem","position":1,"name":"Hem","item":"https:\/\/www.4h.se\/akalla\/"},{"@type":"ListItem","position":2,"name":"L\u00e4ger","item":"https:\/\/www.4h.se\/akalla\/lager\/"},{"@type":"ListItem","position":3,"name":"Datum och priser"}]},{"@type":"WebSite","@id":"https:\/\/www.4h.se\/akalla\/#website","url":"https:\/\/www.4h.se\/akalla\/","name":"Akalla 4H-g\u00e5rd","description":"L\u00e4ra genom att g\u00f6ra","potentialAction":[{"@type":"SearchAction","target":{"@type":"EntryPoint","urlTemplate":"https:\/\/www.4h.se\/akalla\/?s={search_term_string}"},"query-input":{"@type":"PropertyValueSpecification","valueRequired":true,"valueName":"search_term_string"}}],"inLanguage":"sv-SE"}]}},"_links":{"self":[{"href":"https:\/\/www.4h.se\/akalla\/wp-json\/wp\/v2\/pages\/455","targetHints":{"allow":["GET"]}}],"collection":[{"href":"https:\/\/www.4h.se\/akalla\/wp-json\/wp\/v2\/pages"}],"about":[{"href":"https:\/\/www.4h.se\/akalla\/wp-json\/wp\/v2\/types\/page"}],"author":[{"embeddable":true,"href":"https:\/\/www.4h.se\/akalla\/wp-json\/wp\/v2\/users\/156"}],"replies":[{"embeddable":true,"href":"https:\/\/www.4h.se\/akalla\/wp-json\/wp\/v2\/comments?post=455"}],"version-history":[{"count":0,"href":"https:\/\/www.4h.se\/akalla\/wp-json\/wp\/v2\/pages\/455\/revisions"}],"up":[{"embeddable":true,"href":"https:\/\/www.4h.se\/akalla\/wp-json\/wp\/v2\/pages\/440"}],"wp:attachment":[{"href":"https:\/\/www.4h.se\/akalla\/wp-json\/wp\/v2\/media?parent=455"}],"curies":[{"name":"wp","href":"https:\/\/api.w.org\/{rel}","templated":true}]}}