



{"id":446,"date":"2019-02-11T10:48:31","date_gmt":"2019-02-11T09:48:31","guid":{"rendered":"http:\/\/www.4h.se\/akalla\/?page_id=446"},"modified":"2024-06-24T14:35:02","modified_gmt":"2024-06-24T12:35:02","slug":"kaninhotell-2","status":"publish","type":"page","link":"https:\/\/www.4h.se\/akalla\/kaninhotell-2\/","title":{"rendered":"Kaninhotell"},"content":{"rendered":"<div class=\"wpb-content-wrapper\"><p>[vc_row][vc_column][vc_column_text]<\/p>\n<div class=\"section-block block-container layout-1 section-0\">\n<div class=\"col-block col-0\">\n<div class=\"block-container text-part part maskable heading-type\">\n<div class=\"block-object\">\n<h1>KANINHOTELL<\/h1>\n<\/div>\n<\/div>\n<div class=\"block-container text-part part maskable normaltext-type\">\n<div class=\"block-object\">\n<h4><span style=\"color: #ffffff;\">\u00a0.<\/span><\/h4>\n<h4><strong>VI TAR HAND OM DIN KANIN N\u00c4R DU RESER BORT!<\/strong><\/h4>\n<h4>All sk\u00f6tsel och foder ing\u00e5r och vi klipper alltid klorna p\u00e5 din kanin n\u00e4r den kommer till oss.<\/h4>\n<h4><\/h4>\n<\/div>\n<\/div>\n<div class=\"block-container text-part part maskable normaltext-type\">\n<div class=\"block-object\">\n<h4><strong>PRIS:<\/strong><\/h4>\n<p><strong>Startavgift p\u00e5 250kr + 65 kr\/dygn\/kanin<\/strong>.<\/p>\n<p>Har ni tv\u00e5 kaniner som ska bo hos oss utg\u00e5r bara en startavgift.<\/p>\n<p>Betalning sker via swish vid l\u00e4mning av kaninen<\/p>\n<p>Burarna \u00e4r godk\u00e4nda f\u00f6r tv\u00e5 stycken kaniner som v\u00e4ger max 3,5 kg\/kanin. Om man har fler \u00e4n 2 kaniner f\u00e5r man s\u00e4ga till s\u00e5 f\u00e5r dom tv\u00e5 burar som sitter ihop<\/p>\n<p>Vi kan tyv\u00e4rr inte ta emot kaniner som beh\u00f6ver p\u00e4lsv\u00e5rd!<\/p>\n<p>Kaninen m\u00e5ste vara utekanin f\u00f6r att kunna bo hos oss under vinterhalv\u00e5ret d\u00e5 vi har utetemperatur inne i kaninhotellet.<\/p>\n<p>&nbsp;<\/p>\n<h4><strong>INL\u00c4MNING OCH H\u00c4MTNING:<\/strong><\/h4>\n<p>Sker vardagar mellan\u00a0<strong>kl 8.30-15.30<\/strong>, ange i din bokningsf\u00f6rfr\u00e5gan vilken tid ni vill komma och l\u00e4mna kaninen.<\/p>\n<p>Transportburar och egna matsk\u00e5lar kan inte l\u00e4mnas kvar hos oss under kaninens vistelse.<\/p>\n<p>Om din kanin inte verkar kry eller inte beter sig som den brukar, v\u00e4nligen \u00e5k till veterin\u00e4ren innan du tar med den till oss. Anser vi att din kanin \u00e4r sjuk s\u00e5 kan vi pga. smittrisk inte ta emot den. I l\u00e4nken nedan kan ni l\u00e4sa om smittsamma kaninsjukdomar.<\/p>\n<p>Vi rekomenderar att ni vaccinerar er kanin mot kaningulsot och kaninpest, men detta \u00e4r inget krav.<\/p>\n<p><strong><a title=\"http:\/\/www.sva.se\/djurhalsa\/andra-djurslag\/kanin-sjukdomar\" href=\"http:\/\/www.sva.se\/djurhalsa\/andra-djurslag\/kanin-sjukdomar\">http:\/\/www.sva.se\/djurhalsa\/andra-djurslag\/kanin-sjukdomar<\/a><\/strong><\/p>\n<p>&nbsp;<\/p>\n<h4><strong>AVBOKNING:<\/strong><\/h4>\n<p>Ska ske senast 2 veckor innan bokad vistelse, i annat fall debiterar vi er halva summan f\u00f6r periodens kostnad. Om kaninen h\u00e4mtas tidigare \u00e4n avtalad dag s\u00e5 debiteras hela perioden \u00e4nd\u00e5.<\/p>\n<\/div>\n<\/div>\n<\/div>\n<div><span style=\"color: #ffffff;\">\u00a0.<\/span><\/div>\n<\/div>\n<div class=\"section-block block-container layout-1 section-2\">\n<div class=\"col-block col-0\">\n<div class=\"block-container text-part part maskable heading-type\">\n<div class=\"block-object\">\n<h4><strong>KANINHOTELLET \u00c4R GODK\u00c4NT AV L\u00c4NSSTYRELSEN<\/strong><\/h4>\n<p>&nbsp;<\/p>\n<h2 style=\"text-align: center;\"><span style=\"text-decoration: underline; color: #008000;\"><a style=\"color: #008000;\" title=\"Anm\u00e4lan kaninhotell\" href=\"http:\/\/www.4h.se\/akalla\/kaninhotell-2\/anmalan\/\"><strong>BOKA IN DIN KANIN H\u00c4R!<\/strong><\/a><\/span><\/h2>\n<\/div>\n<\/div>\n<\/div>\n<\/div>\n<p>[\/vc_column_text][\/vc_column][\/vc_row]<\/p>\n<\/div>","protected":false},"excerpt":{"rendered":"<p>[vc_row][vc_column][vc_column_text] KANINHOTELL \u00a0. VI TAR HAND OM DIN KANIN N\u00c4R DU RESER BORT! All sk\u00f6tsel och foder ing\u00e5r och vi klipper alltid klorna p\u00e5 din kanin n\u00e4r den kommer till oss. PRIS: Startavgift p\u00e5 250kr + 65 kr\/dygn\/kanin. Har ni tv\u00e5 kaniner som ska bo hos oss utg\u00e5r bara en startavgift. Betalning sker via swish&nbsp; <a href=\"https:\/\/www.4h.se\/akalla\/kaninhotell-2\/\">&hellip; Read more <i class=\"glyphicon glyphicon-arrow-right\"><\/i><\/a><\/p>\n","protected":false},"author":156,"featured_media":0,"parent":0,"menu_order":12,"comment_status":"closed","ping_status":"closed","template":"","meta":{"footnotes":""},"class_list":["post-446","page","type-page","status-publish","hentry"],"yoast_head":"<!-- This site is optimized with the Yoast SEO plugin v27.4 - https:\/\/yoast.com\/product\/yoast-seo-wordpress\/ -->\n<title>Kaninhotell - Akalla 4H-g\u00e5rd<\/title>\n<meta name=\"robots\" content=\"index, follow, max-snippet:-1, max-image-preview:large, max-video-preview:-1\" \/>\n<link rel=\"canonical\" href=\"https:\/\/www.4h.se\/akalla\/kaninhotell-2\/\" \/>\n<meta property=\"og:locale\" content=\"sv_SE\" \/>\n<meta property=\"og:type\" content=\"article\" \/>\n<meta property=\"og:title\" content=\"Kaninhotell - Akalla 4H-g\u00e5rd\" \/>\n<meta property=\"og:description\" content=\"[vc_row][vc_column][vc_column_text] KANINHOTELL \u00a0. VI TAR HAND OM DIN KANIN N\u00c4R DU RESER BORT! All sk\u00f6tsel och foder ing\u00e5r och vi klipper alltid klorna p\u00e5 din kanin n\u00e4r den kommer till oss. PRIS: Startavgift p\u00e5 250kr + 65 kr\/dygn\/kanin. Har ni tv\u00e5 kaniner som ska bo hos oss utg\u00e5r bara en startavgift. Betalning sker via swish&nbsp; &hellip; Read more\" \/>\n<meta property=\"og:url\" content=\"https:\/\/www.4h.se\/akalla\/kaninhotell-2\/\" \/>\n<meta property=\"og:site_name\" content=\"Akalla 4H-g\u00e5rd\" \/>\n<meta property=\"article:modified_time\" content=\"2024-06-24T12:35:02+00:00\" \/>\n<meta name=\"twitter:card\" content=\"summary_large_image\" \/>\n<meta name=\"twitter:label1\" content=\"Ber\u00e4knad l\u00e4stid\" \/>\n\t<meta name=\"twitter:data1\" content=\"2 minuter\" \/>\n<script type=\"application\/ld+json\" class=\"yoast-schema-graph\">{\"@context\":\"https:\\\/\\\/schema.org\",\"@graph\":[{\"@type\":\"WebPage\",\"@id\":\"https:\\\/\\\/www.4h.se\\\/akalla\\\/kaninhotell-2\\\/\",\"url\":\"https:\\\/\\\/www.4h.se\\\/akalla\\\/kaninhotell-2\\\/\",\"name\":\"Kaninhotell - Akalla 4H-g\u00e5rd\",\"isPartOf\":{\"@id\":\"https:\\\/\\\/www.4h.se\\\/akalla\\\/#website\"},\"datePublished\":\"2019-02-11T09:48:31+00:00\",\"dateModified\":\"2024-06-24T12:35:02+00:00\",\"breadcrumb\":{\"@id\":\"https:\\\/\\\/www.4h.se\\\/akalla\\\/kaninhotell-2\\\/#breadcrumb\"},\"inLanguage\":\"sv-SE\",\"potentialAction\":[{\"@type\":\"ReadAction\",\"target\":[\"https:\\\/\\\/www.4h.se\\\/akalla\\\/kaninhotell-2\\\/\"]}]},{\"@type\":\"BreadcrumbList\",\"@id\":\"https:\\\/\\\/www.4h.se\\\/akalla\\\/kaninhotell-2\\\/#breadcrumb\",\"itemListElement\":[{\"@type\":\"ListItem\",\"position\":1,\"name\":\"Hem\",\"item\":\"https:\\\/\\\/www.4h.se\\\/akalla\\\/\"},{\"@type\":\"ListItem\",\"position\":2,\"name\":\"Kaninhotell\"}]},{\"@type\":\"WebSite\",\"@id\":\"https:\\\/\\\/www.4h.se\\\/akalla\\\/#website\",\"url\":\"https:\\\/\\\/www.4h.se\\\/akalla\\\/\",\"name\":\"Akalla 4H-g\u00e5rd\",\"description\":\"L\u00e4ra genom att g\u00f6ra\",\"potentialAction\":[{\"@type\":\"SearchAction\",\"target\":{\"@type\":\"EntryPoint\",\"urlTemplate\":\"https:\\\/\\\/www.4h.se\\\/akalla\\\/?s={search_term_string}\"},\"query-input\":{\"@type\":\"PropertyValueSpecification\",\"valueRequired\":true,\"valueName\":\"search_term_string\"}}],\"inLanguage\":\"sv-SE\"}]}<\/script>\n<!-- \/ Yoast SEO plugin. -->","yoast_head_json":{"title":"Kaninhotell - Akalla 4H-g\u00e5rd","robots":{"index":"index","follow":"follow","max-snippet":"max-snippet:-1","max-image-preview":"max-image-preview:large","max-video-preview":"max-video-preview:-1"},"canonical":"https:\/\/www.4h.se\/akalla\/kaninhotell-2\/","og_locale":"sv_SE","og_type":"article","og_title":"Kaninhotell - Akalla 4H-g\u00e5rd","og_description":"[vc_row][vc_column][vc_column_text] KANINHOTELL \u00a0. VI TAR HAND OM DIN KANIN N\u00c4R DU RESER BORT! All sk\u00f6tsel och foder ing\u00e5r och vi klipper alltid klorna p\u00e5 din kanin n\u00e4r den kommer till oss. PRIS: Startavgift p\u00e5 250kr + 65 kr\/dygn\/kanin. Har ni tv\u00e5 kaniner som ska bo hos oss utg\u00e5r bara en startavgift. Betalning sker via swish&nbsp; &hellip; Read more","og_url":"https:\/\/www.4h.se\/akalla\/kaninhotell-2\/","og_site_name":"Akalla 4H-g\u00e5rd","article_modified_time":"2024-06-24T12:35:02+00:00","twitter_card":"summary_large_image","twitter_misc":{"Ber\u00e4knad l\u00e4stid":"2 minuter"},"schema":{"@context":"https:\/\/schema.org","@graph":[{"@type":"WebPage","@id":"https:\/\/www.4h.se\/akalla\/kaninhotell-2\/","url":"https:\/\/www.4h.se\/akalla\/kaninhotell-2\/","name":"Kaninhotell - Akalla 4H-g\u00e5rd","isPartOf":{"@id":"https:\/\/www.4h.se\/akalla\/#website"},"datePublished":"2019-02-11T09:48:31+00:00","dateModified":"2024-06-24T12:35:02+00:00","breadcrumb":{"@id":"https:\/\/www.4h.se\/akalla\/kaninhotell-2\/#breadcrumb"},"inLanguage":"sv-SE","potentialAction":[{"@type":"ReadAction","target":["https:\/\/www.4h.se\/akalla\/kaninhotell-2\/"]}]},{"@type":"BreadcrumbList","@id":"https:\/\/www.4h.se\/akalla\/kaninhotell-2\/#breadcrumb","itemListElement":[{"@type":"ListItem","position":1,"name":"Hem","item":"https:\/\/www.4h.se\/akalla\/"},{"@type":"ListItem","position":2,"name":"Kaninhotell"}]},{"@type":"WebSite","@id":"https:\/\/www.4h.se\/akalla\/#website","url":"https:\/\/www.4h.se\/akalla\/","name":"Akalla 4H-g\u00e5rd","description":"L\u00e4ra genom att g\u00f6ra","potentialAction":[{"@type":"SearchAction","target":{"@type":"EntryPoint","urlTemplate":"https:\/\/www.4h.se\/akalla\/?s={search_term_string}"},"query-input":{"@type":"PropertyValueSpecification","valueRequired":true,"valueName":"search_term_string"}}],"inLanguage":"sv-SE"}]}},"_links":{"self":[{"href":"https:\/\/www.4h.se\/akalla\/wp-json\/wp\/v2\/pages\/446","targetHints":{"allow":["GET"]}}],"collection":[{"href":"https:\/\/www.4h.se\/akalla\/wp-json\/wp\/v2\/pages"}],"about":[{"href":"https:\/\/www.4h.se\/akalla\/wp-json\/wp\/v2\/types\/page"}],"author":[{"embeddable":true,"href":"https:\/\/www.4h.se\/akalla\/wp-json\/wp\/v2\/users\/156"}],"replies":[{"embeddable":true,"href":"https:\/\/www.4h.se\/akalla\/wp-json\/wp\/v2\/comments?post=446"}],"version-history":[{"count":0,"href":"https:\/\/www.4h.se\/akalla\/wp-json\/wp\/v2\/pages\/446\/revisions"}],"wp:attachment":[{"href":"https:\/\/www.4h.se\/akalla\/wp-json\/wp\/v2\/media?parent=446"}],"curies":[{"name":"wp","href":"https:\/\/api.w.org\/{rel}","templated":true}]}}