



{"id":440,"date":"2019-02-11T10:40:14","date_gmt":"2019-02-11T09:40:14","guid":{"rendered":"http:\/\/www.4h.se\/akalla\/?page_id=440"},"modified":"2025-02-21T13:25:34","modified_gmt":"2025-02-21T12:25:34","slug":"lager","status":"publish","type":"page","link":"https:\/\/www.4h.se\/akalla\/lager\/","title":{"rendered":"L\u00e4ger"},"content":{"rendered":"<div class=\"wpb-content-wrapper\"><p>[vc_row][vc_column][vc_column_text css=&#8221;&#8221;]<\/p>\n<h1><span style=\"color: #000000;\">L\u00c4GER<\/span><\/h1>\n<p><span style=\"color: #000000;\">\u00a0<\/span><\/p>\n<p><span style=\"color: #000000;\">Kom och var med p\u00e5 n\u00e5got av v\u00e5ra roliga dagl\u00e4ger. H\u00e4r f\u00e5r du l\u00e4ra k\u00e4nna g\u00e5rdens alla djur och du l\u00e4r ocks\u00e5 k\u00e4nna nya kompisar med samma intresse.<\/span><\/p>\n<p><span style=\"color: #000000;\">Exempel p\u00e5 aktiviteter p\u00e5 v\u00e5ra l\u00e4ger fr\u00e5n 7 \u00e5r \u00e4r: ponnyridning, h\u00e4st och vagn, pyssel, djursk\u00f6tsel, kaningos, ryktt\u00e4vlingar, leka lekar mm<\/span><\/p>\n<p><span style=\"color: #000000;\">Vi delar in barnen i grupper\u00a0 om 12 barn och man f\u00e5r\u00a0<strong>ALLTID<\/strong>\u00a0vara med sina kompisar.\u00a0 P\u00e5 v\u00e5ra l\u00e4ger\u00a0har varje grupp en gruppledare som\u00a0best\u00e5r av g\u00e5rdens ordinarie personal samt ungdomsledare.<\/span><\/p>\n<p><span style=\"color: #000000;\">Man tar med sig egen lunch s\u00e5 bjuder vi p\u00e5 meliss.<\/span><\/p>\n<p>&nbsp;<\/p>\n<p class=\"x_elementToProof\" data-olk-copy-source=\"MessageBody\"><span style=\"color: #000000;\">Vi rekommenderar inte att barn med h\u00f6- eller p\u00e4lsdjursallergier deltar i v\u00e5ra 4H-grupper, eftersom vi inte kan anpassa aktiviteterna f\u00f6r det. Vi vill att alla ska kunna delta utan problem!<\/span><\/p>\n<p class=\"x_elementToProof\"><span style=\"color: #000000;\">Om ditt barn har s\u00e4rskilda behov eller beh\u00f6ver extra st\u00f6d, kan en v\u00e5rdnadshavare eller assistent f\u00f6lja med p\u00e5 aktiviteten. Vi kan tyv\u00e4rr inte ordna assistenter sj\u00e4lva.<\/span><\/p>\n<p class=\"x_elementToProof\"><span style=\"color: #000000;\">Vi vill skapa en bra upplevelse f\u00f6r alla, s\u00e5 h\u00f6r g\u00e4rna av er om ni har n\u00e5gra fr\u00e5gor<\/span><\/p>\n<p>&nbsp;<\/p>\n<h4><span style=\"color: #000000;\"><strong>Djurl\u00e4ger fr\u00e5n 7 \u00e5r<\/strong><\/span><\/h4>\n<div class=\"block-container text-part part maskable normaltext-type\">\n<div class=\"block-object\">\n<p><span style=\"color: #000000;\">Vi tar hand om g\u00e5rdens alla djur, bakar, pysslar, rider, \u00e5ker h\u00e4st och vagn, g\u00f6r utflykter och g\u00f6ra annat skoj som h\u00f6r l\u00e4ger till!<\/span><\/p>\n<p><span style=\"color: #000000;\"><strong>Tider:\u00a0<\/strong>9.00-15.30<\/span><\/p>\n<p><span style=\"color: #000000;\">\u00a0<\/span><\/p>\n<h4><span style=\"color: #000000;\"><strong>Djurl\u00e4ger med inriktning h\u00e4st<\/strong><\/span><\/h4>\n<p><span style=\"color: #000000;\">L\u00e4gret \u00e4r fr\u00e5n 7 \u00e5r. Under l\u00e4gerveckan tar vi hand om g\u00e5rdens h\u00e4star och barnen f\u00e5r prova p\u00e5; ridning, t\u00f6mk\u00f6rning, \u00e5ka h\u00e4st och vgan, g\u00f6ra utflykter och l\u00e4ra sig mer om h\u00e4sten och dess sk\u00f6tsel.<\/span><\/p>\n<p><span style=\"color: #000000;\">Vi tar ocks\u00e5\u00a0 hand om de andra djuren p\u00e5 g\u00e5rden.<\/span><\/p>\n<p><span style=\"color: #000000;\"><strong>TIDER:<\/strong>\u00a09:00-15:30<\/span><\/p>\n<div class=\"block-container text-part part maskable normaltext-type\">\n<div class=\"block-object\">\n<p><span style=\"color: #000000;\">\u00a0<\/span><\/p>\n<h4><span style=\"color: #000000;\"><strong>Mini 4H l\u00e4ger \u00e4r f\u00f6r barn som \u00e4r mellan 4-6 \u00e5r.\u00a0<\/strong><\/span><\/h4>\n<p><span style=\"color: #000000;\">F\u00f6r\u00e4ldrar deltar inte i Mini 4H l\u00e4gret men f\u00e5r g\u00e4rna var kvar p\u00e5 g\u00e5rden.<\/span><\/p>\n<p><span style=\"color: #000000;\">P\u00e5 l\u00e4gret tar vi hand om g\u00e5rdens djur, \u00e5ker h\u00e4st &amp;vagn, rider, plockar \u00e4gg och bakar och pysslar.\u00a0Vi bjuder p\u00e5\u00a0frukt<\/span><\/p>\n<p><span style=\"color: #000000;\"><strong>TIDER:\u00a0<\/strong>9:00-12:00<\/span><\/p>\n<\/div>\n<\/div>\n<\/div>\n<\/div>\n<div class=\"block-container text-part part maskable heading-type\"><span style=\"color: #000000;\">\u00a0<\/span><\/div>\n<p>[\/vc_column_text][\/vc_column][\/vc_row][vc_row][vc_column][vc_column_text]<\/p>\n<h4 style=\"text-align: left\"><strong><span style=\"color: #000000\">AVBOKNING<\/span><\/strong><\/h4>\n<p><span style=\"color: #000000\">Avbokning skall ske senast tv\u00e5 veckor f\u00f6re l\u00e4grets start, I annat fall betalas inte avgiften \u00e5ter. Vid sjukdom \u00e5terbetalas hela avgiften mot uppvisande av l\u00e4karintyg. Medlemsavgiften \u00e5terbetalas ej.<\/span><\/p>\n<p>&nbsp;<\/p>\n<h4 style=\"text-align: center\">Om du redan har ett konto p\u00e5 Antribe (gamla membersky) logga in INNAN du trycker p\u00e5 l\u00e4nken.<\/h4>\n<h2 style=\"text-align: center\"><a href=\"https:\/\/www.antribe.com\/org\/4h\/akalla-4h\/event\"><span style=\"color: #008000\"><span style=\"text-decoration: underline\">Anm\u00e4lan g\u00f6rs H\u00c4R<\/span><\/span><\/a><\/h2>\n<p>&nbsp;[\/vc_column_text][\/vc_column][\/vc_row]<\/p>\n<\/div>","protected":false},"excerpt":{"rendered":"<p>[vc_row][vc_column][vc_column_text css=&#8221;&#8221;] L\u00c4GER \u00a0 Kom och var med p\u00e5 n\u00e5got av v\u00e5ra roliga dagl\u00e4ger. H\u00e4r f\u00e5r du l\u00e4ra k\u00e4nna g\u00e5rdens alla djur och du l\u00e4r ocks\u00e5 k\u00e4nna nya kompisar med samma intresse. Exempel p\u00e5 aktiviteter p\u00e5 v\u00e5ra l\u00e4ger fr\u00e5n 7 \u00e5r \u00e4r: ponnyridning, h\u00e4st och vagn, pyssel, djursk\u00f6tsel, kaningos, ryktt\u00e4vlingar, leka lekar mm Vi delar&nbsp; <a href=\"https:\/\/www.4h.se\/akalla\/lager\/\">&hellip; Read more <i class=\"glyphicon glyphicon-arrow-right\"><\/i><\/a><\/p>\n","protected":false},"author":156,"featured_media":0,"parent":0,"menu_order":13,"comment_status":"closed","ping_status":"closed","template":"","meta":{"footnotes":""},"class_list":["post-440","page","type-page","status-publish","hentry"],"yoast_head":"<!-- This site is optimized with the Yoast SEO plugin v27.4 - https:\/\/yoast.com\/product\/yoast-seo-wordpress\/ -->\n<title>L\u00e4ger - Akalla 4H-g\u00e5rd<\/title>\n<meta name=\"robots\" content=\"index, follow, max-snippet:-1, max-image-preview:large, max-video-preview:-1\" \/>\n<link rel=\"canonical\" href=\"https:\/\/www.4h.se\/akalla\/lager\/\" \/>\n<meta property=\"og:locale\" content=\"sv_SE\" \/>\n<meta property=\"og:type\" content=\"article\" \/>\n<meta property=\"og:title\" content=\"L\u00e4ger - Akalla 4H-g\u00e5rd\" \/>\n<meta property=\"og:description\" content=\"[vc_row][vc_column][vc_column_text css=&#8221;&#8221;] L\u00c4GER \u00a0 Kom och var med p\u00e5 n\u00e5got av v\u00e5ra roliga dagl\u00e4ger. H\u00e4r f\u00e5r du l\u00e4ra k\u00e4nna g\u00e5rdens alla djur och du l\u00e4r ocks\u00e5 k\u00e4nna nya kompisar med samma intresse. Exempel p\u00e5 aktiviteter p\u00e5 v\u00e5ra l\u00e4ger fr\u00e5n 7 \u00e5r \u00e4r: ponnyridning, h\u00e4st och vagn, pyssel, djursk\u00f6tsel, kaningos, ryktt\u00e4vlingar, leka lekar mm Vi delar&nbsp; &hellip; Read more\" \/>\n<meta property=\"og:url\" content=\"https:\/\/www.4h.se\/akalla\/lager\/\" \/>\n<meta property=\"og:site_name\" content=\"Akalla 4H-g\u00e5rd\" \/>\n<meta property=\"article:modified_time\" content=\"2025-02-21T12:25:34+00:00\" \/>\n<meta name=\"twitter:card\" content=\"summary_large_image\" \/>\n<meta name=\"twitter:label1\" content=\"Ber\u00e4knad l\u00e4stid\" \/>\n\t<meta name=\"twitter:data1\" content=\"2 minuter\" \/>\n<script type=\"application\/ld+json\" class=\"yoast-schema-graph\">{\"@context\":\"https:\\\/\\\/schema.org\",\"@graph\":[{\"@type\":\"WebPage\",\"@id\":\"https:\\\/\\\/www.4h.se\\\/akalla\\\/lager\\\/\",\"url\":\"https:\\\/\\\/www.4h.se\\\/akalla\\\/lager\\\/\",\"name\":\"L\u00e4ger - Akalla 4H-g\u00e5rd\",\"isPartOf\":{\"@id\":\"https:\\\/\\\/www.4h.se\\\/akalla\\\/#website\"},\"datePublished\":\"2019-02-11T09:40:14+00:00\",\"dateModified\":\"2025-02-21T12:25:34+00:00\",\"breadcrumb\":{\"@id\":\"https:\\\/\\\/www.4h.se\\\/akalla\\\/lager\\\/#breadcrumb\"},\"inLanguage\":\"sv-SE\",\"potentialAction\":[{\"@type\":\"ReadAction\",\"target\":[\"https:\\\/\\\/www.4h.se\\\/akalla\\\/lager\\\/\"]}]},{\"@type\":\"BreadcrumbList\",\"@id\":\"https:\\\/\\\/www.4h.se\\\/akalla\\\/lager\\\/#breadcrumb\",\"itemListElement\":[{\"@type\":\"ListItem\",\"position\":1,\"name\":\"Hem\",\"item\":\"https:\\\/\\\/www.4h.se\\\/akalla\\\/\"},{\"@type\":\"ListItem\",\"position\":2,\"name\":\"L\u00e4ger\"}]},{\"@type\":\"WebSite\",\"@id\":\"https:\\\/\\\/www.4h.se\\\/akalla\\\/#website\",\"url\":\"https:\\\/\\\/www.4h.se\\\/akalla\\\/\",\"name\":\"Akalla 4H-g\u00e5rd\",\"description\":\"L\u00e4ra genom att g\u00f6ra\",\"potentialAction\":[{\"@type\":\"SearchAction\",\"target\":{\"@type\":\"EntryPoint\",\"urlTemplate\":\"https:\\\/\\\/www.4h.se\\\/akalla\\\/?s={search_term_string}\"},\"query-input\":{\"@type\":\"PropertyValueSpecification\",\"valueRequired\":true,\"valueName\":\"search_term_string\"}}],\"inLanguage\":\"sv-SE\"}]}<\/script>\n<!-- \/ Yoast SEO plugin. -->","yoast_head_json":{"title":"L\u00e4ger - Akalla 4H-g\u00e5rd","robots":{"index":"index","follow":"follow","max-snippet":"max-snippet:-1","max-image-preview":"max-image-preview:large","max-video-preview":"max-video-preview:-1"},"canonical":"https:\/\/www.4h.se\/akalla\/lager\/","og_locale":"sv_SE","og_type":"article","og_title":"L\u00e4ger - Akalla 4H-g\u00e5rd","og_description":"[vc_row][vc_column][vc_column_text css=&#8221;&#8221;] L\u00c4GER \u00a0 Kom och var med p\u00e5 n\u00e5got av v\u00e5ra roliga dagl\u00e4ger. H\u00e4r f\u00e5r du l\u00e4ra k\u00e4nna g\u00e5rdens alla djur och du l\u00e4r ocks\u00e5 k\u00e4nna nya kompisar med samma intresse. Exempel p\u00e5 aktiviteter p\u00e5 v\u00e5ra l\u00e4ger fr\u00e5n 7 \u00e5r \u00e4r: ponnyridning, h\u00e4st och vagn, pyssel, djursk\u00f6tsel, kaningos, ryktt\u00e4vlingar, leka lekar mm Vi delar&nbsp; &hellip; Read more","og_url":"https:\/\/www.4h.se\/akalla\/lager\/","og_site_name":"Akalla 4H-g\u00e5rd","article_modified_time":"2025-02-21T12:25:34+00:00","twitter_card":"summary_large_image","twitter_misc":{"Ber\u00e4knad l\u00e4stid":"2 minuter"},"schema":{"@context":"https:\/\/schema.org","@graph":[{"@type":"WebPage","@id":"https:\/\/www.4h.se\/akalla\/lager\/","url":"https:\/\/www.4h.se\/akalla\/lager\/","name":"L\u00e4ger - Akalla 4H-g\u00e5rd","isPartOf":{"@id":"https:\/\/www.4h.se\/akalla\/#website"},"datePublished":"2019-02-11T09:40:14+00:00","dateModified":"2025-02-21T12:25:34+00:00","breadcrumb":{"@id":"https:\/\/www.4h.se\/akalla\/lager\/#breadcrumb"},"inLanguage":"sv-SE","potentialAction":[{"@type":"ReadAction","target":["https:\/\/www.4h.se\/akalla\/lager\/"]}]},{"@type":"BreadcrumbList","@id":"https:\/\/www.4h.se\/akalla\/lager\/#breadcrumb","itemListElement":[{"@type":"ListItem","position":1,"name":"Hem","item":"https:\/\/www.4h.se\/akalla\/"},{"@type":"ListItem","position":2,"name":"L\u00e4ger"}]},{"@type":"WebSite","@id":"https:\/\/www.4h.se\/akalla\/#website","url":"https:\/\/www.4h.se\/akalla\/","name":"Akalla 4H-g\u00e5rd","description":"L\u00e4ra genom att g\u00f6ra","potentialAction":[{"@type":"SearchAction","target":{"@type":"EntryPoint","urlTemplate":"https:\/\/www.4h.se\/akalla\/?s={search_term_string}"},"query-input":{"@type":"PropertyValueSpecification","valueRequired":true,"valueName":"search_term_string"}}],"inLanguage":"sv-SE"}]}},"_links":{"self":[{"href":"https:\/\/www.4h.se\/akalla\/wp-json\/wp\/v2\/pages\/440","targetHints":{"allow":["GET"]}}],"collection":[{"href":"https:\/\/www.4h.se\/akalla\/wp-json\/wp\/v2\/pages"}],"about":[{"href":"https:\/\/www.4h.se\/akalla\/wp-json\/wp\/v2\/types\/page"}],"author":[{"embeddable":true,"href":"https:\/\/www.4h.se\/akalla\/wp-json\/wp\/v2\/users\/156"}],"replies":[{"embeddable":true,"href":"https:\/\/www.4h.se\/akalla\/wp-json\/wp\/v2\/comments?post=440"}],"version-history":[{"count":0,"href":"https:\/\/www.4h.se\/akalla\/wp-json\/wp\/v2\/pages\/440\/revisions"}],"wp:attachment":[{"href":"https:\/\/www.4h.se\/akalla\/wp-json\/wp\/v2\/media?parent=440"}],"curies":[{"name":"wp","href":"https:\/\/api.w.org\/{rel}","templated":true}]}}