



{"id":428,"date":"2019-02-11T10:35:24","date_gmt":"2019-02-11T09:35:24","guid":{"rendered":"http:\/\/www.4h.se\/akalla\/?page_id=428"},"modified":"2025-02-04T13:21:13","modified_gmt":"2025-02-04T12:21:13","slug":"hons-ankor","status":"publish","type":"page","link":"https:\/\/www.4h.se\/akalla\/djuren\/hons-ankor\/","title":{"rendered":"H\u00f6ns och Ankor"},"content":{"rendered":"<div class=\"wpb-content-wrapper\"><p>[vc_row][vc_column][vc_column_text css=&#8221;&#8221;]<\/p>\n<div class=\"col-block col-0\">\n<div class=\"block-container text-part part maskable heading-type\">\n<div class=\"block-object\">\n<h1>H\u00d6NS<\/h1>\n<\/div>\n<\/div>\n<div class=\"block-container text-part part maskable normaltext-type\">\n<div class=\"block-object\">\n<div class=\"LeftColumn\">\n<div class=\"BodyTextContainer\">\n<div id=\"ctl00_contentPlaceHolder__B3_readPanel_\">\n<div class=\"ParagraphContainer\">\n<p>Vi har f\u00f6r tillf\u00e4llet 9 h\u00f6ns och 1 tupp av rasen \u00d6l\u00e4ndska dv\u00e4rgh\u00f6ns p\u00e5 g\u00e5rden.<\/p>\n<p><a href=\"https:\/\/www.4h.se\/akalla\/wp-content\/uploads\/sites\/109\/2019\/02\/FB_IMG_1657190662927.jpg\"><img loading=\"lazy\" decoding=\"async\" class=\"alignnone size-thumbnail wp-image-605\" src=\"https:\/\/www.4h.se\/akalla\/wp-content\/uploads\/sites\/109\/2019\/02\/FB_IMG_1657190662927-170x119.jpg\" alt=\"FB_IMG_1657190662927\" width=\"170\" height=\"119\" srcset=\"https:\/\/www.4h.se\/akalla\/wp-content\/uploads\/sites\/109\/2019\/02\/FB_IMG_1657190662927-170x119.jpg 170w, https:\/\/www.4h.se\/akalla\/wp-content\/uploads\/sites\/109\/2019\/02\/FB_IMG_1657190662927-427x300.jpg 427w, https:\/\/www.4h.se\/akalla\/wp-content\/uploads\/sites\/109\/2019\/02\/FB_IMG_1657190662927-970x682.jpg 970w, https:\/\/www.4h.se\/akalla\/wp-content\/uploads\/sites\/109\/2019\/02\/FB_IMG_1657190662927.jpg 1080w\" sizes=\"auto, (max-width: 170px) 100vw, 170px\" \/><\/a><a href=\"https:\/\/www.4h.se\/akalla\/wp-content\/uploads\/sites\/109\/2019\/02\/FB_IMG_1657190656161.jpg\"><img loading=\"lazy\" decoding=\"async\" class=\"alignnone size-thumbnail wp-image-604\" src=\"https:\/\/www.4h.se\/akalla\/wp-content\/uploads\/sites\/109\/2019\/02\/FB_IMG_1657190656161-170x128.jpg\" alt=\"FB_IMG_1657190656161\" width=\"170\" height=\"128\" srcset=\"https:\/\/www.4h.se\/akalla\/wp-content\/uploads\/sites\/109\/2019\/02\/FB_IMG_1657190656161-170x128.jpg 170w, https:\/\/www.4h.se\/akalla\/wp-content\/uploads\/sites\/109\/2019\/02\/FB_IMG_1657190656161-397x300.jpg 397w, https:\/\/www.4h.se\/akalla\/wp-content\/uploads\/sites\/109\/2019\/02\/FB_IMG_1657190656161-970x733.jpg 970w, https:\/\/www.4h.se\/akalla\/wp-content\/uploads\/sites\/109\/2019\/02\/FB_IMG_1657190656161.jpg 1080w\" sizes=\"auto, (max-width: 170px) 100vw, 170px\" \/><\/a><\/p>\n<\/div>\n<\/div>\n<\/div>\n<\/div>\n<\/div>\n<\/div>\n<\/div>\n<div class=\"col-block col-1\">\n<div class=\"block-container text-part part maskable heading-type\">\n<div class=\"block-object\">\n<h1>ANKOR<\/h1>\n<\/div>\n<\/div>\n<div class=\"block-container text-part part maskable normaltext-type\">\n<div class=\"block-object\">\n<div class=\"RightColumn\">\n<div class=\"BodyTextContainer\">\n<div id=\"ctl00_contentPlaceHolder__B6_readPanel_\">\n<div class=\"ParagraphContainer\">\n<p>Just nu har vi 6 ankor av rasen Svensk gulanka p\u00e5 g\u00e5rden.<\/p>\n<p><img loading=\"lazy\" decoding=\"async\" class=\"alignnone size-medium wp-image-468\" src=\"http:\/\/www.4h.se\/akalla\/wp-content\/uploads\/sites\/109\/2019\/02\/Sk\u00e4rmklipp-ankor-470x222.jpg\" alt=\"Sk\u00e4rmklipp ankor\" width=\"470\" height=\"222\" srcset=\"https:\/\/www.4h.se\/akalla\/wp-content\/uploads\/sites\/109\/2019\/02\/Sk\u00e4rmklipp-ankor-470x222.jpg 470w, https:\/\/www.4h.se\/akalla\/wp-content\/uploads\/sites\/109\/2019\/02\/Sk\u00e4rmklipp-ankor-170x80.jpg 170w, https:\/\/www.4h.se\/akalla\/wp-content\/uploads\/sites\/109\/2019\/02\/Sk\u00e4rmklipp-ankor.jpg 810w\" sizes=\"auto, (max-width: 470px) 100vw, 470px\" \/><\/p>\n<\/div>\n<\/div>\n<\/div>\n<\/div>\n<\/div>\n<\/div>\n<div class=\"block-container image-block image-part part maskable\"><\/div>\n<\/div>\n<p>[\/vc_column_text][\/vc_column][\/vc_row]<\/p>\n<\/div>","protected":false},"excerpt":{"rendered":"<p>[vc_row][vc_column][vc_column_text css=&#8221;&#8221;] H\u00d6NS Vi har f\u00f6r tillf\u00e4llet 9 h\u00f6ns och 1 tupp av rasen \u00d6l\u00e4ndska dv\u00e4rgh\u00f6ns p\u00e5 g\u00e5rden. ANKOR Just nu har vi 6 ankor av rasen Svensk gulanka p\u00e5 g\u00e5rden. [\/vc_column_text][\/vc_column][\/vc_row]<\/p>\n","protected":false},"author":156,"featured_media":0,"parent":418,"menu_order":2,"comment_status":"closed","ping_status":"closed","template":"","meta":{"footnotes":""},"class_list":["post-428","page","type-page","status-publish","hentry"],"yoast_head":"<!-- This site is optimized with the Yoast SEO plugin v27.4 - https:\/\/yoast.com\/product\/yoast-seo-wordpress\/ -->\n<title>H\u00f6ns och Ankor - Akalla 4H-g\u00e5rd<\/title>\n<meta name=\"robots\" content=\"index, follow, max-snippet:-1, max-image-preview:large, max-video-preview:-1\" \/>\n<link rel=\"canonical\" href=\"https:\/\/www.4h.se\/akalla\/djuren\/hons-ankor\/\" \/>\n<meta property=\"og:locale\" content=\"sv_SE\" \/>\n<meta property=\"og:type\" content=\"article\" \/>\n<meta property=\"og:title\" content=\"H\u00f6ns och Ankor - Akalla 4H-g\u00e5rd\" \/>\n<meta property=\"og:description\" content=\"[vc_row][vc_column][vc_column_text css=&#8221;&#8221;] H\u00d6NS Vi har f\u00f6r tillf\u00e4llet 9 h\u00f6ns och 1 tupp av rasen \u00d6l\u00e4ndska dv\u00e4rgh\u00f6ns p\u00e5 g\u00e5rden. ANKOR Just nu har vi 6 ankor av rasen Svensk gulanka p\u00e5 g\u00e5rden. [\/vc_column_text][\/vc_column][\/vc_row]\" \/>\n<meta property=\"og:url\" content=\"https:\/\/www.4h.se\/akalla\/djuren\/hons-ankor\/\" \/>\n<meta property=\"og:site_name\" content=\"Akalla 4H-g\u00e5rd\" \/>\n<meta property=\"article:modified_time\" content=\"2025-02-04T12:21:13+00:00\" \/>\n<meta property=\"og:image\" content=\"https:\/\/www.4h.se\/akalla\/wp-content\/uploads\/sites\/109\/2019\/02\/FB_IMG_1657190662927-170x119.jpg\" \/>\n<meta name=\"twitter:card\" content=\"summary_large_image\" \/>\n<script type=\"application\/ld+json\" class=\"yoast-schema-graph\">{\"@context\":\"https:\\\/\\\/schema.org\",\"@graph\":[{\"@type\":\"WebPage\",\"@id\":\"https:\\\/\\\/www.4h.se\\\/akalla\\\/djuren\\\/hons-ankor\\\/\",\"url\":\"https:\\\/\\\/www.4h.se\\\/akalla\\\/djuren\\\/hons-ankor\\\/\",\"name\":\"H\u00f6ns och Ankor - Akalla 4H-g\u00e5rd\",\"isPartOf\":{\"@id\":\"https:\\\/\\\/www.4h.se\\\/akalla\\\/#website\"},\"primaryImageOfPage\":{\"@id\":\"https:\\\/\\\/www.4h.se\\\/akalla\\\/djuren\\\/hons-ankor\\\/#primaryimage\"},\"image\":{\"@id\":\"https:\\\/\\\/www.4h.se\\\/akalla\\\/djuren\\\/hons-ankor\\\/#primaryimage\"},\"thumbnailUrl\":\"https:\\\/\\\/www.4h.se\\\/akalla\\\/wp-content\\\/uploads\\\/sites\\\/109\\\/2019\\\/02\\\/FB_IMG_1657190662927-170x119.jpg\",\"datePublished\":\"2019-02-11T09:35:24+00:00\",\"dateModified\":\"2025-02-04T12:21:13+00:00\",\"breadcrumb\":{\"@id\":\"https:\\\/\\\/www.4h.se\\\/akalla\\\/djuren\\\/hons-ankor\\\/#breadcrumb\"},\"inLanguage\":\"sv-SE\",\"potentialAction\":[{\"@type\":\"ReadAction\",\"target\":[\"https:\\\/\\\/www.4h.se\\\/akalla\\\/djuren\\\/hons-ankor\\\/\"]}]},{\"@type\":\"ImageObject\",\"inLanguage\":\"sv-SE\",\"@id\":\"https:\\\/\\\/www.4h.se\\\/akalla\\\/djuren\\\/hons-ankor\\\/#primaryimage\",\"url\":\"https:\\\/\\\/www.4h.se\\\/akalla\\\/wp-content\\\/uploads\\\/sites\\\/109\\\/2019\\\/02\\\/FB_IMG_1657190662927.jpg\",\"contentUrl\":\"https:\\\/\\\/www.4h.se\\\/akalla\\\/wp-content\\\/uploads\\\/sites\\\/109\\\/2019\\\/02\\\/FB_IMG_1657190662927.jpg\",\"width\":1080,\"height\":759},{\"@type\":\"BreadcrumbList\",\"@id\":\"https:\\\/\\\/www.4h.se\\\/akalla\\\/djuren\\\/hons-ankor\\\/#breadcrumb\",\"itemListElement\":[{\"@type\":\"ListItem\",\"position\":1,\"name\":\"Hem\",\"item\":\"https:\\\/\\\/www.4h.se\\\/akalla\\\/\"},{\"@type\":\"ListItem\",\"position\":2,\"name\":\"Djuren\",\"item\":\"https:\\\/\\\/www.4h.se\\\/akalla\\\/djuren\\\/\"},{\"@type\":\"ListItem\",\"position\":3,\"name\":\"H\u00f6ns och Ankor\"}]},{\"@type\":\"WebSite\",\"@id\":\"https:\\\/\\\/www.4h.se\\\/akalla\\\/#website\",\"url\":\"https:\\\/\\\/www.4h.se\\\/akalla\\\/\",\"name\":\"Akalla 4H-g\u00e5rd\",\"description\":\"L\u00e4ra genom att g\u00f6ra\",\"potentialAction\":[{\"@type\":\"SearchAction\",\"target\":{\"@type\":\"EntryPoint\",\"urlTemplate\":\"https:\\\/\\\/www.4h.se\\\/akalla\\\/?s={search_term_string}\"},\"query-input\":{\"@type\":\"PropertyValueSpecification\",\"valueRequired\":true,\"valueName\":\"search_term_string\"}}],\"inLanguage\":\"sv-SE\"}]}<\/script>\n<!-- \/ Yoast SEO plugin. -->","yoast_head_json":{"title":"H\u00f6ns och Ankor - Akalla 4H-g\u00e5rd","robots":{"index":"index","follow":"follow","max-snippet":"max-snippet:-1","max-image-preview":"max-image-preview:large","max-video-preview":"max-video-preview:-1"},"canonical":"https:\/\/www.4h.se\/akalla\/djuren\/hons-ankor\/","og_locale":"sv_SE","og_type":"article","og_title":"H\u00f6ns och Ankor - Akalla 4H-g\u00e5rd","og_description":"[vc_row][vc_column][vc_column_text css=&#8221;&#8221;] H\u00d6NS Vi har f\u00f6r tillf\u00e4llet 9 h\u00f6ns och 1 tupp av rasen \u00d6l\u00e4ndska dv\u00e4rgh\u00f6ns p\u00e5 g\u00e5rden. ANKOR Just nu har vi 6 ankor av rasen Svensk gulanka p\u00e5 g\u00e5rden. [\/vc_column_text][\/vc_column][\/vc_row]","og_url":"https:\/\/www.4h.se\/akalla\/djuren\/hons-ankor\/","og_site_name":"Akalla 4H-g\u00e5rd","article_modified_time":"2025-02-04T12:21:13+00:00","og_image":[{"url":"https:\/\/www.4h.se\/akalla\/wp-content\/uploads\/sites\/109\/2019\/02\/FB_IMG_1657190662927-170x119.jpg","type":"","width":"","height":""}],"twitter_card":"summary_large_image","schema":{"@context":"https:\/\/schema.org","@graph":[{"@type":"WebPage","@id":"https:\/\/www.4h.se\/akalla\/djuren\/hons-ankor\/","url":"https:\/\/www.4h.se\/akalla\/djuren\/hons-ankor\/","name":"H\u00f6ns och Ankor - Akalla 4H-g\u00e5rd","isPartOf":{"@id":"https:\/\/www.4h.se\/akalla\/#website"},"primaryImageOfPage":{"@id":"https:\/\/www.4h.se\/akalla\/djuren\/hons-ankor\/#primaryimage"},"image":{"@id":"https:\/\/www.4h.se\/akalla\/djuren\/hons-ankor\/#primaryimage"},"thumbnailUrl":"https:\/\/www.4h.se\/akalla\/wp-content\/uploads\/sites\/109\/2019\/02\/FB_IMG_1657190662927-170x119.jpg","datePublished":"2019-02-11T09:35:24+00:00","dateModified":"2025-02-04T12:21:13+00:00","breadcrumb":{"@id":"https:\/\/www.4h.se\/akalla\/djuren\/hons-ankor\/#breadcrumb"},"inLanguage":"sv-SE","potentialAction":[{"@type":"ReadAction","target":["https:\/\/www.4h.se\/akalla\/djuren\/hons-ankor\/"]}]},{"@type":"ImageObject","inLanguage":"sv-SE","@id":"https:\/\/www.4h.se\/akalla\/djuren\/hons-ankor\/#primaryimage","url":"https:\/\/www.4h.se\/akalla\/wp-content\/uploads\/sites\/109\/2019\/02\/FB_IMG_1657190662927.jpg","contentUrl":"https:\/\/www.4h.se\/akalla\/wp-content\/uploads\/sites\/109\/2019\/02\/FB_IMG_1657190662927.jpg","width":1080,"height":759},{"@type":"BreadcrumbList","@id":"https:\/\/www.4h.se\/akalla\/djuren\/hons-ankor\/#breadcrumb","itemListElement":[{"@type":"ListItem","position":1,"name":"Hem","item":"https:\/\/www.4h.se\/akalla\/"},{"@type":"ListItem","position":2,"name":"Djuren","item":"https:\/\/www.4h.se\/akalla\/djuren\/"},{"@type":"ListItem","position":3,"name":"H\u00f6ns och Ankor"}]},{"@type":"WebSite","@id":"https:\/\/www.4h.se\/akalla\/#website","url":"https:\/\/www.4h.se\/akalla\/","name":"Akalla 4H-g\u00e5rd","description":"L\u00e4ra genom att g\u00f6ra","potentialAction":[{"@type":"SearchAction","target":{"@type":"EntryPoint","urlTemplate":"https:\/\/www.4h.se\/akalla\/?s={search_term_string}"},"query-input":{"@type":"PropertyValueSpecification","valueRequired":true,"valueName":"search_term_string"}}],"inLanguage":"sv-SE"}]}},"_links":{"self":[{"href":"https:\/\/www.4h.se\/akalla\/wp-json\/wp\/v2\/pages\/428","targetHints":{"allow":["GET"]}}],"collection":[{"href":"https:\/\/www.4h.se\/akalla\/wp-json\/wp\/v2\/pages"}],"about":[{"href":"https:\/\/www.4h.se\/akalla\/wp-json\/wp\/v2\/types\/page"}],"author":[{"embeddable":true,"href":"https:\/\/www.4h.se\/akalla\/wp-json\/wp\/v2\/users\/156"}],"replies":[{"embeddable":true,"href":"https:\/\/www.4h.se\/akalla\/wp-json\/wp\/v2\/comments?post=428"}],"version-history":[{"count":0,"href":"https:\/\/www.4h.se\/akalla\/wp-json\/wp\/v2\/pages\/428\/revisions"}],"up":[{"embeddable":true,"href":"https:\/\/www.4h.se\/akalla\/wp-json\/wp\/v2\/pages\/418"}],"wp:attachment":[{"href":"https:\/\/www.4h.se\/akalla\/wp-json\/wp\/v2\/media?parent=428"}],"curies":[{"name":"wp","href":"https:\/\/api.w.org\/{rel}","templated":true}]}}