



{"id":419,"date":"2019-02-11T10:28:52","date_gmt":"2019-02-11T09:28:52","guid":{"rendered":"http:\/\/www.4h.se\/akalla\/?page_id=419"},"modified":"2023-02-06T10:05:36","modified_gmt":"2023-02-06T09:05:36","slug":"hastar","status":"publish","type":"page","link":"https:\/\/www.4h.se\/akalla\/djuren\/hastar\/","title":{"rendered":"H\u00e4st"},"content":{"rendered":"<div class=\"wpb-content-wrapper\"><p>[vc_row][vc_column][vc_column_text]<\/p>\n<div class=\"block-container text-part part maskable heading-type\">\n<div class=\"block-object\">\n<h1>H\u00c4STAR<\/h1>\n<p>&nbsp;<\/p>\n<\/div>\n<\/div>\n<div class=\"block-container text-part part maskable normaltext-type\">\n<div class=\"block-object\">\n<p><strong>P\u00e5 Akalla 4H-g\u00e5rd har vi 3 h\u00e4star, tv\u00e5 shetlandsponny och en fjordh\u00e4st<\/strong><\/p>\n<p>&nbsp;<\/p>\n<p><strong>LUKAS<\/strong><\/p>\n<p><img decoding=\"async\" id=\"2db80f37-5ec8-482c-b0eb-fc87bec2e1c3\" src=\"http:\/\/www.akalla4h.se\/files\/300x382\/lukas_stadshage.jpg\" alt=\"\" \/><a href=\"http:\/\/www.4h.se\/akalla\/wp-content\/uploads\/sites\/109\/2019\/02\/lukas-stadshage.jpg\"><img loading=\"lazy\" decoding=\"async\" class=\"alignnone size-medium wp-image-540\" src=\"http:\/\/www.4h.se\/akalla\/wp-content\/uploads\/sites\/109\/2019\/02\/lukas-stadshage-236x300.jpg\" alt=\"lukas stadshage\" width=\"236\" height=\"300\" srcset=\"https:\/\/www.4h.se\/akalla\/wp-content\/uploads\/sites\/109\/2019\/02\/lukas-stadshage-236x300.jpg 236w, https:\/\/www.4h.se\/akalla\/wp-content\/uploads\/sites\/109\/2019\/02\/lukas-stadshage-118x150.jpg 118w, https:\/\/www.4h.se\/akalla\/wp-content\/uploads\/sites\/109\/2019\/02\/lukas-stadshage-804x1024.jpg 804w, https:\/\/www.4h.se\/akalla\/wp-content\/uploads\/sites\/109\/2019\/02\/lukas-stadshage.jpg 1608w\" sizes=\"auto, (max-width: 236px) 100vw, 236px\" \/><\/a><\/p>\n<p><strong>Ras:<\/strong>\u00a0Shetlandsponny\u00a0\u00a0\u00a0\u00a0\u00a0\u00a0\u00a0\u00a0\u00a0\u00a0\u00a0\u00a0\u00a0\u00a0\u00a0\u00a0\u00a0\u00a0\u00a0\u00a0\u00a0\u00a0\u00a0\u00a0<strong>F\u00f6dd:<\/strong>\u00a02004<\/p>\n<p>Lukas \u00e4r en busig kille som \u00e4r rund och go. Han gillar att bli k\u00f6rd och utbildar v\u00e5ra unga kuskar p\u00e5 g\u00e5rden. Han \u00e4r med p\u00e5\u00a015 minuters ridningarna p\u00e5 s\u00f6ndagar, specialridningar och halvtimmesridningar.<\/p>\n<p>&nbsp;<\/p>\n<p><strong>\u00a0OTTOSA LIVIYA WIKING<\/strong><\/p>\n<p><a href=\"https:\/\/www.4h.se\/akalla\/wp-content\/uploads\/sites\/109\/2019\/02\/DSC_0625.jpg\"><img loading=\"lazy\" decoding=\"async\" class=\"alignnone size-medium wp-image-594\" src=\"https:\/\/www.4h.se\/akalla\/wp-content\/uploads\/sites\/109\/2019\/02\/DSC_0625-232x300.jpg\" alt=\"DSC_0625\" width=\"232\" height=\"300\" srcset=\"https:\/\/www.4h.se\/akalla\/wp-content\/uploads\/sites\/109\/2019\/02\/DSC_0625-232x300.jpg 232w, https:\/\/www.4h.se\/akalla\/wp-content\/uploads\/sites\/109\/2019\/02\/DSC_0625-116x150.jpg 116w, https:\/\/www.4h.se\/akalla\/wp-content\/uploads\/sites\/109\/2019\/02\/DSC_0625-793x1024.jpg 793w\" sizes=\"auto, (max-width: 232px) 100vw, 232px\" \/><\/a><\/p>\n<p><strong>Ras:<\/strong>\u00a0Fjording\u00a0 \u00a0 \u00a0 \u00a0 \u00a0 \u00a0 \u00a0 \u00a0 \u00a0 \u00a0 \u00a0\u00a0<strong>F\u00f6dd:<\/strong>\u00a02013<\/p>\n<p>Liviya\u00a0\u00e4r en glad och positiv tjej.\u00a0Det b\u00e4sta hon vet \u00e4r att f\u00e5 dra vagn. Hon g\u00e5r \u00e4ven med p\u00e5 15 minuters ridningarna p\u00e5 s\u00f6ndag och har de flesta specialridningarna under veckan.<\/p>\n<p>&nbsp;<\/p>\n<p><strong>JONNA<\/strong><\/p>\n<p><a href=\"https:\/\/www.4h.se\/akalla\/wp-content\/uploads\/sites\/109\/2019\/02\/DSC_0644.jpg\"><img loading=\"lazy\" decoding=\"async\" class=\"alignnone size-medium wp-image-620\" src=\"https:\/\/www.4h.se\/akalla\/wp-content\/uploads\/sites\/109\/2019\/02\/DSC_0644-215x300.jpg\" alt=\"DSC_0644\" width=\"215\" height=\"300\" srcset=\"https:\/\/www.4h.se\/akalla\/wp-content\/uploads\/sites\/109\/2019\/02\/DSC_0644-215x300.jpg 215w, https:\/\/www.4h.se\/akalla\/wp-content\/uploads\/sites\/109\/2019\/02\/DSC_0644-108x150.jpg 108w, https:\/\/www.4h.se\/akalla\/wp-content\/uploads\/sites\/109\/2019\/02\/DSC_0644-735x1024.jpg 735w\" sizes=\"auto, (max-width: 215px) 100vw, 215px\" \/><\/a><\/p>\n<p><strong>Ras:<\/strong>\u00a0Shetlandsponny\u00a0\u00a0\u00a0\u00a0\u00a0\u00a0\u00a0\u00a0\u00a0\u00a0\u00a0\u00a0\u00a0\u00a0\u00a0\u00a0\u00a0\u00a0\u00a0\u00a0\u00a0\u00a0\u00a0\u00a0<strong>F\u00f6dd:<\/strong>\u00a02004<\/p>\n<p>Jonna \u00e4r nyast h\u00e4r p\u00e5 g\u00e5rden, innan hon kom till oss s\u00e5 har hon dragit mycket vagn och varit ridh\u00e4st.\u00a0Precis som lukas \u00e4r hon med och utbildar v\u00e5ra unga kuskar p\u00e5 g\u00e5rden. Hon\u00a0\u00e4r med p\u00e5\u00a015 minuters ridningarna\u00a0p\u00e5 s\u00f6ndagar, specialridningar och halvtimmesridningar.<\/p>\n<\/div>\n<\/div>\n<p>[\/vc_column_text][\/vc_column][\/vc_row]<\/p>\n<\/div>","protected":false},"excerpt":{"rendered":"<p>[vc_row][vc_column][vc_column_text] H\u00c4STAR &nbsp; P\u00e5 Akalla 4H-g\u00e5rd har vi 3 h\u00e4star, tv\u00e5 shetlandsponny och en fjordh\u00e4st &nbsp; LUKAS Ras:\u00a0Shetlandsponny\u00a0\u00a0\u00a0\u00a0\u00a0\u00a0\u00a0\u00a0\u00a0\u00a0\u00a0\u00a0\u00a0\u00a0\u00a0\u00a0\u00a0\u00a0\u00a0\u00a0\u00a0\u00a0\u00a0\u00a0F\u00f6dd:\u00a02004 Lukas \u00e4r en busig kille som \u00e4r rund och go. Han gillar att bli k\u00f6rd och utbildar v\u00e5ra unga kuskar p\u00e5 g\u00e5rden. Han \u00e4r med p\u00e5\u00a015 minuters ridningarna p\u00e5 s\u00f6ndagar, specialridningar och halvtimmesridningar. &nbsp; \u00a0OTTOSA LIVIYA WIKING&nbsp; <a href=\"https:\/\/www.4h.se\/akalla\/djuren\/hastar\/\">&hellip; Read more <i class=\"glyphicon glyphicon-arrow-right\"><\/i><\/a><\/p>\n","protected":false},"author":156,"featured_media":0,"parent":418,"menu_order":27,"comment_status":"closed","ping_status":"closed","template":"","meta":{"footnotes":""},"class_list":["post-419","page","type-page","status-publish","hentry"],"yoast_head":"<!-- This site is optimized with the Yoast SEO plugin v27.4 - https:\/\/yoast.com\/product\/yoast-seo-wordpress\/ -->\n<title>H\u00e4st - Akalla 4H-g\u00e5rd<\/title>\n<meta name=\"robots\" content=\"index, follow, max-snippet:-1, max-image-preview:large, max-video-preview:-1\" \/>\n<link rel=\"canonical\" href=\"https:\/\/www.4h.se\/akalla\/djuren\/hastar\/\" \/>\n<meta property=\"og:locale\" content=\"sv_SE\" \/>\n<meta property=\"og:type\" content=\"article\" \/>\n<meta property=\"og:title\" content=\"H\u00e4st - Akalla 4H-g\u00e5rd\" \/>\n<meta property=\"og:description\" content=\"[vc_row][vc_column][vc_column_text] H\u00c4STAR &nbsp; P\u00e5 Akalla 4H-g\u00e5rd har vi 3 h\u00e4star, tv\u00e5 shetlandsponny och en fjordh\u00e4st &nbsp; LUKAS Ras:\u00a0Shetlandsponny\u00a0\u00a0\u00a0\u00a0\u00a0\u00a0\u00a0\u00a0\u00a0\u00a0\u00a0\u00a0\u00a0\u00a0\u00a0\u00a0\u00a0\u00a0\u00a0\u00a0\u00a0\u00a0\u00a0\u00a0F\u00f6dd:\u00a02004 Lukas \u00e4r en busig kille som \u00e4r rund och go. Han gillar att bli k\u00f6rd och utbildar v\u00e5ra unga kuskar p\u00e5 g\u00e5rden. Han \u00e4r med p\u00e5\u00a015 minuters ridningarna p\u00e5 s\u00f6ndagar, specialridningar och halvtimmesridningar. &nbsp; \u00a0OTTOSA LIVIYA WIKING&nbsp; &hellip; Read more\" \/>\n<meta property=\"og:url\" content=\"https:\/\/www.4h.se\/akalla\/djuren\/hastar\/\" \/>\n<meta property=\"og:site_name\" content=\"Akalla 4H-g\u00e5rd\" \/>\n<meta property=\"article:modified_time\" content=\"2023-02-06T09:05:36+00:00\" \/>\n<meta property=\"og:image\" content=\"http:\/\/www.akalla4h.se\/files\/300x382\/lukas_stadshage.jpg\" \/>\n<meta name=\"twitter:card\" content=\"summary_large_image\" \/>\n<meta name=\"twitter:label1\" content=\"Ber\u00e4knad l\u00e4stid\" \/>\n\t<meta name=\"twitter:data1\" content=\"1 minut\" \/>\n<script type=\"application\/ld+json\" class=\"yoast-schema-graph\">{\"@context\":\"https:\\\/\\\/schema.org\",\"@graph\":[{\"@type\":\"WebPage\",\"@id\":\"https:\\\/\\\/www.4h.se\\\/akalla\\\/djuren\\\/hastar\\\/\",\"url\":\"https:\\\/\\\/www.4h.se\\\/akalla\\\/djuren\\\/hastar\\\/\",\"name\":\"H\u00e4st - Akalla 4H-g\u00e5rd\",\"isPartOf\":{\"@id\":\"https:\\\/\\\/www.4h.se\\\/akalla\\\/#website\"},\"primaryImageOfPage\":{\"@id\":\"https:\\\/\\\/www.4h.se\\\/akalla\\\/djuren\\\/hastar\\\/#primaryimage\"},\"image\":{\"@id\":\"https:\\\/\\\/www.4h.se\\\/akalla\\\/djuren\\\/hastar\\\/#primaryimage\"},\"thumbnailUrl\":\"http:\\\/\\\/www.akalla4h.se\\\/files\\\/300x382\\\/lukas_stadshage.jpg\",\"datePublished\":\"2019-02-11T09:28:52+00:00\",\"dateModified\":\"2023-02-06T09:05:36+00:00\",\"breadcrumb\":{\"@id\":\"https:\\\/\\\/www.4h.se\\\/akalla\\\/djuren\\\/hastar\\\/#breadcrumb\"},\"inLanguage\":\"sv-SE\",\"potentialAction\":[{\"@type\":\"ReadAction\",\"target\":[\"https:\\\/\\\/www.4h.se\\\/akalla\\\/djuren\\\/hastar\\\/\"]}]},{\"@type\":\"ImageObject\",\"inLanguage\":\"sv-SE\",\"@id\":\"https:\\\/\\\/www.4h.se\\\/akalla\\\/djuren\\\/hastar\\\/#primaryimage\",\"url\":\"http:\\\/\\\/www.akalla4h.se\\\/files\\\/300x382\\\/lukas_stadshage.jpg\",\"contentUrl\":\"http:\\\/\\\/www.akalla4h.se\\\/files\\\/300x382\\\/lukas_stadshage.jpg\"},{\"@type\":\"BreadcrumbList\",\"@id\":\"https:\\\/\\\/www.4h.se\\\/akalla\\\/djuren\\\/hastar\\\/#breadcrumb\",\"itemListElement\":[{\"@type\":\"ListItem\",\"position\":1,\"name\":\"Hem\",\"item\":\"https:\\\/\\\/www.4h.se\\\/akalla\\\/\"},{\"@type\":\"ListItem\",\"position\":2,\"name\":\"Djuren\",\"item\":\"https:\\\/\\\/www.4h.se\\\/akalla\\\/djuren\\\/\"},{\"@type\":\"ListItem\",\"position\":3,\"name\":\"H\u00e4st\"}]},{\"@type\":\"WebSite\",\"@id\":\"https:\\\/\\\/www.4h.se\\\/akalla\\\/#website\",\"url\":\"https:\\\/\\\/www.4h.se\\\/akalla\\\/\",\"name\":\"Akalla 4H-g\u00e5rd\",\"description\":\"L\u00e4ra genom att g\u00f6ra\",\"potentialAction\":[{\"@type\":\"SearchAction\",\"target\":{\"@type\":\"EntryPoint\",\"urlTemplate\":\"https:\\\/\\\/www.4h.se\\\/akalla\\\/?s={search_term_string}\"},\"query-input\":{\"@type\":\"PropertyValueSpecification\",\"valueRequired\":true,\"valueName\":\"search_term_string\"}}],\"inLanguage\":\"sv-SE\"}]}<\/script>\n<!-- \/ Yoast SEO plugin. -->","yoast_head_json":{"title":"H\u00e4st - Akalla 4H-g\u00e5rd","robots":{"index":"index","follow":"follow","max-snippet":"max-snippet:-1","max-image-preview":"max-image-preview:large","max-video-preview":"max-video-preview:-1"},"canonical":"https:\/\/www.4h.se\/akalla\/djuren\/hastar\/","og_locale":"sv_SE","og_type":"article","og_title":"H\u00e4st - Akalla 4H-g\u00e5rd","og_description":"[vc_row][vc_column][vc_column_text] H\u00c4STAR &nbsp; P\u00e5 Akalla 4H-g\u00e5rd har vi 3 h\u00e4star, tv\u00e5 shetlandsponny och en fjordh\u00e4st &nbsp; LUKAS Ras:\u00a0Shetlandsponny\u00a0\u00a0\u00a0\u00a0\u00a0\u00a0\u00a0\u00a0\u00a0\u00a0\u00a0\u00a0\u00a0\u00a0\u00a0\u00a0\u00a0\u00a0\u00a0\u00a0\u00a0\u00a0\u00a0\u00a0F\u00f6dd:\u00a02004 Lukas \u00e4r en busig kille som \u00e4r rund och go. Han gillar att bli k\u00f6rd och utbildar v\u00e5ra unga kuskar p\u00e5 g\u00e5rden. Han \u00e4r med p\u00e5\u00a015 minuters ridningarna p\u00e5 s\u00f6ndagar, specialridningar och halvtimmesridningar. &nbsp; \u00a0OTTOSA LIVIYA WIKING&nbsp; &hellip; Read more","og_url":"https:\/\/www.4h.se\/akalla\/djuren\/hastar\/","og_site_name":"Akalla 4H-g\u00e5rd","article_modified_time":"2023-02-06T09:05:36+00:00","og_image":[{"url":"http:\/\/www.akalla4h.se\/files\/300x382\/lukas_stadshage.jpg","type":"","width":"","height":""}],"twitter_card":"summary_large_image","twitter_misc":{"Ber\u00e4knad l\u00e4stid":"1 minut"},"schema":{"@context":"https:\/\/schema.org","@graph":[{"@type":"WebPage","@id":"https:\/\/www.4h.se\/akalla\/djuren\/hastar\/","url":"https:\/\/www.4h.se\/akalla\/djuren\/hastar\/","name":"H\u00e4st - Akalla 4H-g\u00e5rd","isPartOf":{"@id":"https:\/\/www.4h.se\/akalla\/#website"},"primaryImageOfPage":{"@id":"https:\/\/www.4h.se\/akalla\/djuren\/hastar\/#primaryimage"},"image":{"@id":"https:\/\/www.4h.se\/akalla\/djuren\/hastar\/#primaryimage"},"thumbnailUrl":"http:\/\/www.akalla4h.se\/files\/300x382\/lukas_stadshage.jpg","datePublished":"2019-02-11T09:28:52+00:00","dateModified":"2023-02-06T09:05:36+00:00","breadcrumb":{"@id":"https:\/\/www.4h.se\/akalla\/djuren\/hastar\/#breadcrumb"},"inLanguage":"sv-SE","potentialAction":[{"@type":"ReadAction","target":["https:\/\/www.4h.se\/akalla\/djuren\/hastar\/"]}]},{"@type":"ImageObject","inLanguage":"sv-SE","@id":"https:\/\/www.4h.se\/akalla\/djuren\/hastar\/#primaryimage","url":"http:\/\/www.akalla4h.se\/files\/300x382\/lukas_stadshage.jpg","contentUrl":"http:\/\/www.akalla4h.se\/files\/300x382\/lukas_stadshage.jpg"},{"@type":"BreadcrumbList","@id":"https:\/\/www.4h.se\/akalla\/djuren\/hastar\/#breadcrumb","itemListElement":[{"@type":"ListItem","position":1,"name":"Hem","item":"https:\/\/www.4h.se\/akalla\/"},{"@type":"ListItem","position":2,"name":"Djuren","item":"https:\/\/www.4h.se\/akalla\/djuren\/"},{"@type":"ListItem","position":3,"name":"H\u00e4st"}]},{"@type":"WebSite","@id":"https:\/\/www.4h.se\/akalla\/#website","url":"https:\/\/www.4h.se\/akalla\/","name":"Akalla 4H-g\u00e5rd","description":"L\u00e4ra genom att g\u00f6ra","potentialAction":[{"@type":"SearchAction","target":{"@type":"EntryPoint","urlTemplate":"https:\/\/www.4h.se\/akalla\/?s={search_term_string}"},"query-input":{"@type":"PropertyValueSpecification","valueRequired":true,"valueName":"search_term_string"}}],"inLanguage":"sv-SE"}]}},"_links":{"self":[{"href":"https:\/\/www.4h.se\/akalla\/wp-json\/wp\/v2\/pages\/419","targetHints":{"allow":["GET"]}}],"collection":[{"href":"https:\/\/www.4h.se\/akalla\/wp-json\/wp\/v2\/pages"}],"about":[{"href":"https:\/\/www.4h.se\/akalla\/wp-json\/wp\/v2\/types\/page"}],"author":[{"embeddable":true,"href":"https:\/\/www.4h.se\/akalla\/wp-json\/wp\/v2\/users\/156"}],"replies":[{"embeddable":true,"href":"https:\/\/www.4h.se\/akalla\/wp-json\/wp\/v2\/comments?post=419"}],"version-history":[{"count":0,"href":"https:\/\/www.4h.se\/akalla\/wp-json\/wp\/v2\/pages\/419\/revisions"}],"up":[{"embeddable":true,"href":"https:\/\/www.4h.se\/akalla\/wp-json\/wp\/v2\/pages\/418"}],"wp:attachment":[{"href":"https:\/\/www.4h.se\/akalla\/wp-json\/wp\/v2\/media?parent=419"}],"curies":[{"name":"wp","href":"https:\/\/api.w.org\/{rel}","templated":true}]}}