



{"id":285,"date":"2015-10-07T09:13:53","date_gmt":"2015-10-07T07:13:53","guid":{"rendered":"http:\/\/www.4h.se\/mall\/?page_id=285"},"modified":"2024-12-17T09:14:10","modified_gmt":"2024-12-17T08:14:10","slug":"bli-medlem","status":"publish","type":"page","link":"https:\/\/www.4h.se\/akalla\/aktiviteter\/bli-medlem\/","title":{"rendered":"Bli medlem"},"content":{"rendered":"<div class=\"wpb-content-wrapper\"><p>[vc_row][vc_column][vc_column_text css=&#8221;&#8221;]<\/p>\n<div class=\"block-container text-part part maskable heading-type\">\n<div class=\"block-object\">\n<h1>MEDLEMSKAP I AKALLA 4H<\/h1>\n<p>&nbsp;<\/p>\n<\/div>\n<\/div>\n<div class=\"block-container text-part part maskable normaltext-type\">\n<div class=\"block-object\">\n<p>Som medlem i Akalla 4H- f\u00e5r du tillg\u00e5ng till alla aktiviteter under \u00e5ret. Medlemsskapet kostar\u00a0<strong>320<\/strong><strong>kr \/\u00e5r f\u00f6r medlemmar t.o.m 25 \u00e5r och 370 kr\/ \u00e5r f\u00f6r medlemmar fr.o.m 26 \u00e5r<\/strong>\u00a0 och d\u00e5 ing\u00e5r ocks\u00e5 en f\u00f6rs\u00e4kring d\u00e5 du vistas hos oss.<\/p>\n<p>F\u00f6r att delta p\u00e5 v\u00e5ra l\u00e4ger och kurser m\u00e5ste du l\u00f6sa medlemsskap!<\/p>\n<p>Man kan ocks\u00e5 bli st\u00f6dmedlem och tex f\u00e5 k\u00f6pa foder och str\u00f6 till sin kanin till ett rabatterat pris.<\/p>\n<p>Medlem blir man <span style=\"text-decoration: underline;\"><a href=\"https:\/\/www.4h.se\/bli-medlem\/\" target=\"_blank\" rel=\"noopener\">H\u00c4R<\/a><\/span><\/p>\n<\/div>\n<\/div>\n<p>[\/vc_column_text][\/vc_column][\/vc_row]<\/p>\n<\/div>","protected":false},"excerpt":{"rendered":"<p>[vc_row][vc_column][vc_column_text css=&#8221;&#8221;] MEDLEMSKAP I AKALLA 4H &nbsp; Som medlem i Akalla 4H- f\u00e5r du tillg\u00e5ng till alla aktiviteter under \u00e5ret. Medlemsskapet kostar\u00a0320kr \/\u00e5r f\u00f6r medlemmar t.o.m 25 \u00e5r och 370 kr\/ \u00e5r f\u00f6r medlemmar fr.o.m 26 \u00e5r\u00a0 och d\u00e5 ing\u00e5r ocks\u00e5 en f\u00f6rs\u00e4kring d\u00e5 du vistas hos oss. F\u00f6r att delta p\u00e5 v\u00e5ra l\u00e4ger och&nbsp; <a href=\"https:\/\/www.4h.se\/akalla\/aktiviteter\/bli-medlem\/\">&hellip; Read more <i class=\"glyphicon glyphicon-arrow-right\"><\/i><\/a><\/p>\n","protected":false},"author":1,"featured_media":0,"parent":246,"menu_order":22,"comment_status":"closed","ping_status":"closed","template":"","meta":{"footnotes":""},"class_list":["post-285","page","type-page","status-publish","hentry"],"yoast_head":"<!-- This site is optimized with the Yoast SEO plugin v27.4 - https:\/\/yoast.com\/product\/yoast-seo-wordpress\/ -->\n<title>Bli medlem - Akalla 4H-g\u00e5rd<\/title>\n<meta name=\"robots\" content=\"index, follow, max-snippet:-1, max-image-preview:large, max-video-preview:-1\" \/>\n<link rel=\"canonical\" href=\"https:\/\/www.4h.se\/akalla\/aktiviteter\/bli-medlem\/\" \/>\n<meta property=\"og:locale\" content=\"sv_SE\" \/>\n<meta property=\"og:type\" content=\"article\" \/>\n<meta property=\"og:title\" content=\"Bli medlem - Akalla 4H-g\u00e5rd\" \/>\n<meta property=\"og:description\" content=\"[vc_row][vc_column][vc_column_text css=&#8221;&#8221;] MEDLEMSKAP I AKALLA 4H &nbsp; Som medlem i Akalla 4H- f\u00e5r du tillg\u00e5ng till alla aktiviteter under \u00e5ret. Medlemsskapet kostar\u00a0320kr \/\u00e5r f\u00f6r medlemmar t.o.m 25 \u00e5r och 370 kr\/ \u00e5r f\u00f6r medlemmar fr.o.m 26 \u00e5r\u00a0 och d\u00e5 ing\u00e5r ocks\u00e5 en f\u00f6rs\u00e4kring d\u00e5 du vistas hos oss. F\u00f6r att delta p\u00e5 v\u00e5ra l\u00e4ger och&nbsp; &hellip; Read more\" \/>\n<meta property=\"og:url\" content=\"https:\/\/www.4h.se\/akalla\/aktiviteter\/bli-medlem\/\" \/>\n<meta property=\"og:site_name\" content=\"Akalla 4H-g\u00e5rd\" \/>\n<meta property=\"article:modified_time\" content=\"2024-12-17T08:14:10+00:00\" \/>\n<meta name=\"twitter:card\" content=\"summary_large_image\" \/>\n<meta name=\"twitter:label1\" content=\"Ber\u00e4knad l\u00e4stid\" \/>\n\t<meta name=\"twitter:data1\" content=\"1 minut\" \/>\n<script type=\"application\/ld+json\" class=\"yoast-schema-graph\">{\"@context\":\"https:\\\/\\\/schema.org\",\"@graph\":[{\"@type\":\"WebPage\",\"@id\":\"https:\\\/\\\/www.4h.se\\\/akalla\\\/aktiviteter\\\/bli-medlem\\\/\",\"url\":\"https:\\\/\\\/www.4h.se\\\/akalla\\\/aktiviteter\\\/bli-medlem\\\/\",\"name\":\"Bli medlem - Akalla 4H-g\u00e5rd\",\"isPartOf\":{\"@id\":\"https:\\\/\\\/www.4h.se\\\/akalla\\\/#website\"},\"datePublished\":\"2015-10-07T07:13:53+00:00\",\"dateModified\":\"2024-12-17T08:14:10+00:00\",\"breadcrumb\":{\"@id\":\"https:\\\/\\\/www.4h.se\\\/akalla\\\/aktiviteter\\\/bli-medlem\\\/#breadcrumb\"},\"inLanguage\":\"sv-SE\",\"potentialAction\":[{\"@type\":\"ReadAction\",\"target\":[\"https:\\\/\\\/www.4h.se\\\/akalla\\\/aktiviteter\\\/bli-medlem\\\/\"]}]},{\"@type\":\"BreadcrumbList\",\"@id\":\"https:\\\/\\\/www.4h.se\\\/akalla\\\/aktiviteter\\\/bli-medlem\\\/#breadcrumb\",\"itemListElement\":[{\"@type\":\"ListItem\",\"position\":1,\"name\":\"Hem\",\"item\":\"https:\\\/\\\/www.4h.se\\\/akalla\\\/\"},{\"@type\":\"ListItem\",\"position\":2,\"name\":\"Aktiviteter\",\"item\":\"https:\\\/\\\/www.4h.se\\\/akalla\\\/aktiviteter\\\/\"},{\"@type\":\"ListItem\",\"position\":3,\"name\":\"Bli medlem\"}]},{\"@type\":\"WebSite\",\"@id\":\"https:\\\/\\\/www.4h.se\\\/akalla\\\/#website\",\"url\":\"https:\\\/\\\/www.4h.se\\\/akalla\\\/\",\"name\":\"Akalla 4H-g\u00e5rd\",\"description\":\"L\u00e4ra genom att g\u00f6ra\",\"potentialAction\":[{\"@type\":\"SearchAction\",\"target\":{\"@type\":\"EntryPoint\",\"urlTemplate\":\"https:\\\/\\\/www.4h.se\\\/akalla\\\/?s={search_term_string}\"},\"query-input\":{\"@type\":\"PropertyValueSpecification\",\"valueRequired\":true,\"valueName\":\"search_term_string\"}}],\"inLanguage\":\"sv-SE\"}]}<\/script>\n<!-- \/ Yoast SEO plugin. -->","yoast_head_json":{"title":"Bli medlem - Akalla 4H-g\u00e5rd","robots":{"index":"index","follow":"follow","max-snippet":"max-snippet:-1","max-image-preview":"max-image-preview:large","max-video-preview":"max-video-preview:-1"},"canonical":"https:\/\/www.4h.se\/akalla\/aktiviteter\/bli-medlem\/","og_locale":"sv_SE","og_type":"article","og_title":"Bli medlem - Akalla 4H-g\u00e5rd","og_description":"[vc_row][vc_column][vc_column_text css=&#8221;&#8221;] MEDLEMSKAP I AKALLA 4H &nbsp; Som medlem i Akalla 4H- f\u00e5r du tillg\u00e5ng till alla aktiviteter under \u00e5ret. Medlemsskapet kostar\u00a0320kr \/\u00e5r f\u00f6r medlemmar t.o.m 25 \u00e5r och 370 kr\/ \u00e5r f\u00f6r medlemmar fr.o.m 26 \u00e5r\u00a0 och d\u00e5 ing\u00e5r ocks\u00e5 en f\u00f6rs\u00e4kring d\u00e5 du vistas hos oss. F\u00f6r att delta p\u00e5 v\u00e5ra l\u00e4ger och&nbsp; &hellip; Read more","og_url":"https:\/\/www.4h.se\/akalla\/aktiviteter\/bli-medlem\/","og_site_name":"Akalla 4H-g\u00e5rd","article_modified_time":"2024-12-17T08:14:10+00:00","twitter_card":"summary_large_image","twitter_misc":{"Ber\u00e4knad l\u00e4stid":"1 minut"},"schema":{"@context":"https:\/\/schema.org","@graph":[{"@type":"WebPage","@id":"https:\/\/www.4h.se\/akalla\/aktiviteter\/bli-medlem\/","url":"https:\/\/www.4h.se\/akalla\/aktiviteter\/bli-medlem\/","name":"Bli medlem - Akalla 4H-g\u00e5rd","isPartOf":{"@id":"https:\/\/www.4h.se\/akalla\/#website"},"datePublished":"2015-10-07T07:13:53+00:00","dateModified":"2024-12-17T08:14:10+00:00","breadcrumb":{"@id":"https:\/\/www.4h.se\/akalla\/aktiviteter\/bli-medlem\/#breadcrumb"},"inLanguage":"sv-SE","potentialAction":[{"@type":"ReadAction","target":["https:\/\/www.4h.se\/akalla\/aktiviteter\/bli-medlem\/"]}]},{"@type":"BreadcrumbList","@id":"https:\/\/www.4h.se\/akalla\/aktiviteter\/bli-medlem\/#breadcrumb","itemListElement":[{"@type":"ListItem","position":1,"name":"Hem","item":"https:\/\/www.4h.se\/akalla\/"},{"@type":"ListItem","position":2,"name":"Aktiviteter","item":"https:\/\/www.4h.se\/akalla\/aktiviteter\/"},{"@type":"ListItem","position":3,"name":"Bli medlem"}]},{"@type":"WebSite","@id":"https:\/\/www.4h.se\/akalla\/#website","url":"https:\/\/www.4h.se\/akalla\/","name":"Akalla 4H-g\u00e5rd","description":"L\u00e4ra genom att g\u00f6ra","potentialAction":[{"@type":"SearchAction","target":{"@type":"EntryPoint","urlTemplate":"https:\/\/www.4h.se\/akalla\/?s={search_term_string}"},"query-input":{"@type":"PropertyValueSpecification","valueRequired":true,"valueName":"search_term_string"}}],"inLanguage":"sv-SE"}]}},"_links":{"self":[{"href":"https:\/\/www.4h.se\/akalla\/wp-json\/wp\/v2\/pages\/285","targetHints":{"allow":["GET"]}}],"collection":[{"href":"https:\/\/www.4h.se\/akalla\/wp-json\/wp\/v2\/pages"}],"about":[{"href":"https:\/\/www.4h.se\/akalla\/wp-json\/wp\/v2\/types\/page"}],"author":[{"embeddable":true,"href":"https:\/\/www.4h.se\/akalla\/wp-json\/wp\/v2\/users\/1"}],"replies":[{"embeddable":true,"href":"https:\/\/www.4h.se\/akalla\/wp-json\/wp\/v2\/comments?post=285"}],"version-history":[{"count":0,"href":"https:\/\/www.4h.se\/akalla\/wp-json\/wp\/v2\/pages\/285\/revisions"}],"up":[{"embeddable":true,"href":"https:\/\/www.4h.se\/akalla\/wp-json\/wp\/v2\/pages\/246"}],"wp:attachment":[{"href":"https:\/\/www.4h.se\/akalla\/wp-json\/wp\/v2\/media?parent=285"}],"curies":[{"name":"wp","href":"https:\/\/api.w.org\/{rel}","templated":true}]}}