



{"id":121,"date":"2015-01-23T20:08:12","date_gmt":"2015-01-23T19:08:12","guid":{"rendered":"http:\/\/www.4h.se\/rix16\/?page_id=121"},"modified":"2021-04-14T08:58:20","modified_gmt":"2021-04-14T06:58:20","slug":"kontakta-oss","status":"publish","type":"page","link":"https:\/\/www.4h.se\/akalla\/om-garden\/kontakta-oss\/","title":{"rendered":"Kontakta oss"},"content":{"rendered":"<div class=\"wpb-content-wrapper\"><p>[vc_row][vc_column width=&#8221;1\/2&#8243;][vc_column_text]<\/p>\n<h1>Kontakta oss<\/h1>\n<p><strong>MOB:\u00a0<\/strong>073-94 00 498<\/p>\n<p><strong>ADRESS:\u00a0<\/strong>Akalla By<\/p>\n<p>164 78 Kista<\/p>\n<p><strong>MAIL: <\/strong>akalla@4h.se<\/p>\n<p><strong>P-GIRO:<\/strong>\u00a0841173-8<\/p>\n<p>G\u00e5rden \u00e4r \u00f6ppen mellan 8.00 &#8211; 16:30 men det \u00e4r inte alltid vi kan svara i telefon, s\u00e5 maila g\u00e4rna dina fr\u00e5gor till oss om vi inte svarar i telefonen, s\u00e5 svarar vi dig s\u00e5 snart vi kan. P\u00e5 l\u00f6rdagar sk\u00f6ts g\u00e5rden av idella helgsk\u00f6tare och d\u00e5 kan man inte ringa hit. S\u00f6ndagar s\u00e5 svarar personalen i m\u00e5n av tid. Mail besvaras m\u00e5ndag-fredag.<\/p>\n<h2><\/h2>\n<p>&nbsp;<\/p>\n<p>&nbsp;<\/p>\n<p>&nbsp;<\/p>\n<p>&nbsp;<\/p>\n<p>&nbsp;[\/vc_column_text][\/vc_column][vc_column width=&#8221;1\/2&#8243;][vc_column_text]<\/p>\n<h1>V\u00e5ra \u00f6ppettider<\/h1>\n<p>Djuren \u00e4r ute i sina hagar alla dagar i veckan fr\u00e5n ca kl. 8.30-16.30<\/p>\n<p>N\u00e4r djursk\u00f6tare finns i\u00a0stallet \u00e4r man v\u00e4lkommen in att titta p\u00e5 de djur som \u00e4r inne i stallet.<\/p>\n<p>G\u00e5rden \u00e4r godk\u00e4nd enligt f\u00f6reskrifterna f\u00f6r Offentlig F\u00f6revisning av Djur med tillst\u00e5nd fr\u00e5n L\u00e4nsstyrelsen och Jordbruksverket.[\/vc_column_text][\/vc_column][\/vc_row]<\/p>\n<\/div>","protected":false},"excerpt":{"rendered":"<p>[vc_row][vc_column width=&#8221;1\/2&#8243;][vc_column_text] Kontakta oss MOB:\u00a0073-94 00 498 ADRESS:\u00a0Akalla By 164 78 Kista MAIL: akalla@4h.se P-GIRO:\u00a0841173-8 G\u00e5rden \u00e4r \u00f6ppen mellan 8.00 &#8211; 16:30 men det \u00e4r inte alltid vi kan svara i telefon, s\u00e5 maila g\u00e4rna dina fr\u00e5gor till oss om vi inte svarar i telefonen, s\u00e5 svarar vi dig s\u00e5 snart vi kan. P\u00e5 l\u00f6rdagar&nbsp; <a href=\"https:\/\/www.4h.se\/akalla\/om-garden\/kontakta-oss\/\">&hellip; Read more <i class=\"glyphicon glyphicon-arrow-right\"><\/i><\/a><\/p>\n","protected":false},"author":1,"featured_media":0,"parent":404,"menu_order":33,"comment_status":"closed","ping_status":"closed","template":"","meta":{"footnotes":""},"class_list":["post-121","page","type-page","status-publish","hentry"],"yoast_head":"<!-- This site is optimized with the Yoast SEO plugin v27.4 - https:\/\/yoast.com\/product\/yoast-seo-wordpress\/ -->\n<title>Kontakta oss - Akalla 4H-g\u00e5rd<\/title>\n<meta name=\"robots\" content=\"index, follow, max-snippet:-1, max-image-preview:large, max-video-preview:-1\" \/>\n<link rel=\"canonical\" href=\"https:\/\/www.4h.se\/akalla\/om-garden\/kontakta-oss\/\" \/>\n<meta property=\"og:locale\" content=\"sv_SE\" \/>\n<meta property=\"og:type\" content=\"article\" \/>\n<meta property=\"og:title\" content=\"Kontakta oss - Akalla 4H-g\u00e5rd\" \/>\n<meta property=\"og:description\" content=\"[vc_row][vc_column width=&#8221;1\/2&#8243;][vc_column_text] Kontakta oss MOB:\u00a0073-94 00 498 ADRESS:\u00a0Akalla By 164 78 Kista MAIL: akalla@4h.se P-GIRO:\u00a0841173-8 G\u00e5rden \u00e4r \u00f6ppen mellan 8.00 &#8211; 16:30 men det \u00e4r inte alltid vi kan svara i telefon, s\u00e5 maila g\u00e4rna dina fr\u00e5gor till oss om vi inte svarar i telefonen, s\u00e5 svarar vi dig s\u00e5 snart vi kan. P\u00e5 l\u00f6rdagar&nbsp; &hellip; Read more\" \/>\n<meta property=\"og:url\" content=\"https:\/\/www.4h.se\/akalla\/om-garden\/kontakta-oss\/\" \/>\n<meta property=\"og:site_name\" content=\"Akalla 4H-g\u00e5rd\" \/>\n<meta property=\"article:modified_time\" content=\"2021-04-14T06:58:20+00:00\" \/>\n<meta name=\"twitter:card\" content=\"summary_large_image\" \/>\n<meta name=\"twitter:label1\" content=\"Ber\u00e4knad l\u00e4stid\" \/>\n\t<meta name=\"twitter:data1\" content=\"1 minut\" \/>\n<script type=\"application\/ld+json\" class=\"yoast-schema-graph\">{\"@context\":\"https:\\\/\\\/schema.org\",\"@graph\":[{\"@type\":\"WebPage\",\"@id\":\"https:\\\/\\\/www.4h.se\\\/akalla\\\/om-garden\\\/kontakta-oss\\\/\",\"url\":\"https:\\\/\\\/www.4h.se\\\/akalla\\\/om-garden\\\/kontakta-oss\\\/\",\"name\":\"Kontakta oss - Akalla 4H-g\u00e5rd\",\"isPartOf\":{\"@id\":\"https:\\\/\\\/www.4h.se\\\/akalla\\\/#website\"},\"datePublished\":\"2015-01-23T19:08:12+00:00\",\"dateModified\":\"2021-04-14T06:58:20+00:00\",\"breadcrumb\":{\"@id\":\"https:\\\/\\\/www.4h.se\\\/akalla\\\/om-garden\\\/kontakta-oss\\\/#breadcrumb\"},\"inLanguage\":\"sv-SE\",\"potentialAction\":[{\"@type\":\"ReadAction\",\"target\":[\"https:\\\/\\\/www.4h.se\\\/akalla\\\/om-garden\\\/kontakta-oss\\\/\"]}]},{\"@type\":\"BreadcrumbList\",\"@id\":\"https:\\\/\\\/www.4h.se\\\/akalla\\\/om-garden\\\/kontakta-oss\\\/#breadcrumb\",\"itemListElement\":[{\"@type\":\"ListItem\",\"position\":1,\"name\":\"Hem\",\"item\":\"https:\\\/\\\/www.4h.se\\\/akalla\\\/\"},{\"@type\":\"ListItem\",\"position\":2,\"name\":\"Om g\u00e5rden\",\"item\":\"https:\\\/\\\/www.4h.se\\\/akalla\\\/om-garden\\\/\"},{\"@type\":\"ListItem\",\"position\":3,\"name\":\"Kontakta oss\"}]},{\"@type\":\"WebSite\",\"@id\":\"https:\\\/\\\/www.4h.se\\\/akalla\\\/#website\",\"url\":\"https:\\\/\\\/www.4h.se\\\/akalla\\\/\",\"name\":\"Akalla 4H-g\u00e5rd\",\"description\":\"L\u00e4ra genom att g\u00f6ra\",\"potentialAction\":[{\"@type\":\"SearchAction\",\"target\":{\"@type\":\"EntryPoint\",\"urlTemplate\":\"https:\\\/\\\/www.4h.se\\\/akalla\\\/?s={search_term_string}\"},\"query-input\":{\"@type\":\"PropertyValueSpecification\",\"valueRequired\":true,\"valueName\":\"search_term_string\"}}],\"inLanguage\":\"sv-SE\"}]}<\/script>\n<!-- \/ Yoast SEO plugin. -->","yoast_head_json":{"title":"Kontakta oss - Akalla 4H-g\u00e5rd","robots":{"index":"index","follow":"follow","max-snippet":"max-snippet:-1","max-image-preview":"max-image-preview:large","max-video-preview":"max-video-preview:-1"},"canonical":"https:\/\/www.4h.se\/akalla\/om-garden\/kontakta-oss\/","og_locale":"sv_SE","og_type":"article","og_title":"Kontakta oss - Akalla 4H-g\u00e5rd","og_description":"[vc_row][vc_column width=&#8221;1\/2&#8243;][vc_column_text] Kontakta oss MOB:\u00a0073-94 00 498 ADRESS:\u00a0Akalla By 164 78 Kista MAIL: akalla@4h.se P-GIRO:\u00a0841173-8 G\u00e5rden \u00e4r \u00f6ppen mellan 8.00 &#8211; 16:30 men det \u00e4r inte alltid vi kan svara i telefon, s\u00e5 maila g\u00e4rna dina fr\u00e5gor till oss om vi inte svarar i telefonen, s\u00e5 svarar vi dig s\u00e5 snart vi kan. P\u00e5 l\u00f6rdagar&nbsp; &hellip; Read more","og_url":"https:\/\/www.4h.se\/akalla\/om-garden\/kontakta-oss\/","og_site_name":"Akalla 4H-g\u00e5rd","article_modified_time":"2021-04-14T06:58:20+00:00","twitter_card":"summary_large_image","twitter_misc":{"Ber\u00e4knad l\u00e4stid":"1 minut"},"schema":{"@context":"https:\/\/schema.org","@graph":[{"@type":"WebPage","@id":"https:\/\/www.4h.se\/akalla\/om-garden\/kontakta-oss\/","url":"https:\/\/www.4h.se\/akalla\/om-garden\/kontakta-oss\/","name":"Kontakta oss - Akalla 4H-g\u00e5rd","isPartOf":{"@id":"https:\/\/www.4h.se\/akalla\/#website"},"datePublished":"2015-01-23T19:08:12+00:00","dateModified":"2021-04-14T06:58:20+00:00","breadcrumb":{"@id":"https:\/\/www.4h.se\/akalla\/om-garden\/kontakta-oss\/#breadcrumb"},"inLanguage":"sv-SE","potentialAction":[{"@type":"ReadAction","target":["https:\/\/www.4h.se\/akalla\/om-garden\/kontakta-oss\/"]}]},{"@type":"BreadcrumbList","@id":"https:\/\/www.4h.se\/akalla\/om-garden\/kontakta-oss\/#breadcrumb","itemListElement":[{"@type":"ListItem","position":1,"name":"Hem","item":"https:\/\/www.4h.se\/akalla\/"},{"@type":"ListItem","position":2,"name":"Om g\u00e5rden","item":"https:\/\/www.4h.se\/akalla\/om-garden\/"},{"@type":"ListItem","position":3,"name":"Kontakta oss"}]},{"@type":"WebSite","@id":"https:\/\/www.4h.se\/akalla\/#website","url":"https:\/\/www.4h.se\/akalla\/","name":"Akalla 4H-g\u00e5rd","description":"L\u00e4ra genom att g\u00f6ra","potentialAction":[{"@type":"SearchAction","target":{"@type":"EntryPoint","urlTemplate":"https:\/\/www.4h.se\/akalla\/?s={search_term_string}"},"query-input":{"@type":"PropertyValueSpecification","valueRequired":true,"valueName":"search_term_string"}}],"inLanguage":"sv-SE"}]}},"_links":{"self":[{"href":"https:\/\/www.4h.se\/akalla\/wp-json\/wp\/v2\/pages\/121","targetHints":{"allow":["GET"]}}],"collection":[{"href":"https:\/\/www.4h.se\/akalla\/wp-json\/wp\/v2\/pages"}],"about":[{"href":"https:\/\/www.4h.se\/akalla\/wp-json\/wp\/v2\/types\/page"}],"author":[{"embeddable":true,"href":"https:\/\/www.4h.se\/akalla\/wp-json\/wp\/v2\/users\/1"}],"replies":[{"embeddable":true,"href":"https:\/\/www.4h.se\/akalla\/wp-json\/wp\/v2\/comments?post=121"}],"version-history":[{"count":0,"href":"https:\/\/www.4h.se\/akalla\/wp-json\/wp\/v2\/pages\/121\/revisions"}],"up":[{"embeddable":true,"href":"https:\/\/www.4h.se\/akalla\/wp-json\/wp\/v2\/pages\/404"}],"wp:attachment":[{"href":"https:\/\/www.4h.se\/akalla\/wp-json\/wp\/v2\/media?parent=121"}],"curies":[{"name":"wp","href":"https:\/\/api.w.org\/{rel}","templated":true}]}}